{"id":46660,"date":"2023-05-31T10:36:45","date_gmt":"2023-05-31T10:36:45","guid":{"rendered":"https:\/\/www.truffelceremonie.com\/meine-rueckenschmerzen-sind-dank-der-trueffel-vorbei\/"},"modified":"2025-07-02T07:54:52","modified_gmt":"2025-07-02T07:54:52","slug":"meine-rueckenschmerzen-sind-dank-der-trueffel-vorbei","status":"publish","type":"page","link":"https:\/\/www.truffelceremonie.com\/de\/meine-rueckenschmerzen-sind-dank-der-trueffel-vorbei\/","title":{"rendered":"Meine R\u00fcckenschmerzen sind dank der Tr\u00fcffel vorbei"},"content":{"rendered":"\t\t<div data-elementor-type=\"wp-page\" data-elementor-id=\"46660\" class=\"elementor elementor-46660 elementor-18891\" data-elementor-post-type=\"page\">\n\t\t\t\t<div class=\"elementor-element elementor-element-a709924 purpleback e-flex e-con-boxed e-con e-parent\" data-id=\"a709924\" data-element_type=\"container\" data-e-type=\"container\" data-settings=\"{&quot;background_background&quot;:&quot;classic&quot;}\">\n\t\t\t\t\t<div class=\"e-con-inner\">\n\t\t<div class=\"elementor-element elementor-element-3bf9403 e-con-full e-flex e-con e-child\" data-id=\"3bf9403\" data-element_type=\"container\" data-e-type=\"container\">\n\t\t\t\t<div class=\"elementor-element elementor-element-b7d2a36 elementor-widget__width-initial hambur-text elementor-widget elementor-widget-text-editor\" data-id=\"b7d2a36\" data-element_type=\"widget\" data-e-type=\"widget\" data-widget_type=\"text-editor.default\">\n\t\t\t\t\t\t\t\t\t<p><a style=\"color: white;\" href=\"https:\/\/sqeassignment.space\/truffle\/\">Home<\/a> | Meine R\u00fcckenschmerzen sind dank der Tr\u00fcffel vorbei<\/p>\t\t\t\t\t\t\t\t<\/div>\n\t\t\t\t<div class=\"elementor-element elementor-element-94fd3dc elementor-widget elementor-widget-heading\" data-id=\"94fd3dc\" data-element_type=\"widget\" data-e-type=\"widget\" data-widget_type=\"heading.default\">\n\t\t\t\t\t<h1 class=\"elementor-heading-title elementor-size-default\">Meine R\u00fcckenschmerzen sind dank der Tr\u00fcffel vorbei<\/h1>\t\t\t\t<\/div>\n\t\t\t\t<div class=\"elementor-element elementor-element-25bfe5c elementor-widget elementor-widget-heading\" data-id=\"25bfe5c\" data-element_type=\"widget\" data-e-type=\"widget\" data-widget_type=\"heading.default\">\n\t\t\t\t\t<h2 class=\"elementor-heading-title elementor-size-default\">F\u00fcr mich ist klar, dass ein Trauma Schmerzen verursacht.<\/h2>\t\t\t\t<\/div>\n\t\t\t\t<div class=\"elementor-element elementor-element-3190f7c elementor-widget__width-initial elementor-widget elementor-widget-text-editor\" data-id=\"3190f7c\" data-element_type=\"widget\" data-e-type=\"widget\" data-widget_type=\"text-editor.default\">\n\t\t\t\t\t\t\t\t\t<p>Lesen Sie diese Erfahrung und \u00fcberzeugen Sie sich davon, dass Trauma uns krank macht.<\/p>\t\t\t\t\t\t\t\t<\/div>\n\t\t\t\t<\/div>\n\t\t\t\t\t<\/div>\n\t\t\t\t<\/div>\n\t\t<div class=\"elementor-element elementor-element-de4aac9 e-flex e-con-boxed e-con e-parent\" data-id=\"de4aac9\" data-element_type=\"container\" data-e-type=\"container\">\n\t\t\t\t\t<div class=\"e-con-inner\">\n\t\t<div class=\"elementor-element elementor-element-f921142 e-con-full e-flex e-con e-child\" data-id=\"f921142\" data-element_type=\"container\" data-e-type=\"container\">\n\t\t\t\t<div class=\"elementor-element elementor-element-eb823ac elementor-widget elementor-widget-text-editor\" data-id=\"eb823ac\" data-element_type=\"widget\" data-e-type=\"widget\" data-widget_type=\"text-editor.default\">\n\t\t\t\t\t\t\t\t\t<p>Es ist schon eine Weile her, dass ich die <a href=\"https:\/\/www.truffelceremonie.com\/de\/\">Tr\u00fcffelzeremonie<\/a> gemacht habe. Ich wollte schon seit einer Weile eine Rezension schreiben, aber ich kam nicht dazu. Nun denn&#8230;<\/p><p> <\/p><p>Am 20. April besuchte ich Bart-Willem f\u00fcr eine Tr\u00fcffel-Zeremonie.<\/p><p>Ein Freund hatte dies getan und dabei wunderbare <a href=\"https:\/\/www.truffelceremonie.com\/ervaringen\/\">Erfahrungen gemacht<\/a>, was in mir den Wunsch ausl\u00f6ste, das Gleiche zu tun.<\/p><p>Ich hatte ein hartes Jahr hinter mir, denn ich wurde geschieden, musste mein Zuhause verlassen und verlor eine wichtige Freundschaft.<\/p><p>Ich habe festgestellt, dass viele Dinge ausgel\u00f6st wurden, wie z. B. das tiefe Gef\u00fchl, nicht gut genug zu sein, nicht dazuzugeh\u00f6ren, &#8220;es nicht zu schaffen&#8221;, gut&#8230;.<\/p><p>Als ich Bart-Willem aufsuchte, nahm er sich viel Zeit, um mir mein <a href=\"https:\/\/www.truffelceremonie.com\/de\/absichtserklaerungen-fuer-eine-trueffelzeremonie\/\">Vorhaben<\/a> zu erkl\u00e4ren und zu verdeutlichen.<\/p><p>Ich wollte wissen, wann ich das erste Mal das Gef\u00fchl hatte, nicht dazuzugeh\u00f6ren.<\/p><p>W\u00e4hrend der Reise sah ich mehrere Bilder, auch aus fr\u00fcheren Leben, in denen es darum ging, &#8220;anders&#8221; zu sein und deshalb nicht dazu zu geh\u00f6ren.<\/p><p>Es hat viel Traurigkeit hervorgerufen, aber ich konnte auch viel loslassen. Ich habe w\u00e4hrend der gesamten Reise in einer Weise geg\u00e4hnt, die ich aus meinem t\u00e4glichen Leben nicht kenne. Ich konnte auch einiges von dem verarbeiten, was mit meiner Scheidung zu tun hatte, was hilfreich war.<\/p><p>Seit einiger Zeit litt ich unter einem starren\/spannenden und schmerzhaften Gef\u00fchl in meinem unteren R\u00fccken.<\/p><p>Am Ende der Zeremonie sp\u00fcrte ich eine Art Kribbeln in meinem unteren R\u00fccken. Nach der Zeremonie sp\u00fcrte ich, dass sich mein unterer R\u00fccken locker anf\u00fchlte, als ob viele schwere Erlebnisse dort h\u00e4ngen geblieben waren und sich nun gel\u00f6st hatten. F\u00fcr mich war das eine ganz besondere Erfahrung.<\/p><p>Ich habe die Zeremonie als sehr intensiv erlebt, denn es war viel Traurigkeit und Loslassen dabei, aber ich bin sehr froh, dass ich das machen konnte, und ich hatte das Gef\u00fchl, dass ich dadurch viel alten Ballast loswerden konnte.<\/p><p>Ich habe mit Mikrodosen weitergemacht, damit die Wirkung anh\u00e4lt.<\/p><p>Bart-Willem war w\u00e4hrend meiner Reise stets pr\u00e4sent und unterst\u00fctzte mich, wo es n\u00f6tig war. Ich bin dankbar, dass ich diese Erfahrung machen durfte.<\/p><p>Ich glaube, ich werde auf jeden Fall wieder eine Reise machen&#8230;.<\/p><p> <\/p><p>Herzliche Gr\u00fc\u00dfe,<\/p><p> <\/p><p>Annemarie<\/p>\t\t\t\t\t\t\t\t<\/div>\n\t\t\t\t<div class=\"elementor-element elementor-element-a08a0e0 elementor-widget elementor-widget-heading\" data-id=\"a08a0e0\" data-element_type=\"widget\" data-e-type=\"widget\" data-widget_type=\"heading.default\">\n\t\t\t\t\t<h2 class=\"elementor-heading-title elementor-size-default\">Die R\u00fcckenschmerzen...<\/h2>\t\t\t\t<\/div>\n\t\t\t\t<div class=\"elementor-element elementor-element-61bb7c0 elementor-widget elementor-widget-text-editor\" data-id=\"61bb7c0\" data-element_type=\"widget\" data-e-type=\"widget\" data-widget_type=\"text-editor.default\">\n\t\t\t\t\t\t\t\t\t<div dir=\"auto\">Meinem unteren R\u00fccken geht es immer noch gut. Keine Probleme mehr&#8230;.  etwas Besonderes, hm.<\/div><div dir=\"auto\">F\u00fcr mich der Beweis, dass sich alte Traumata in Ihrem K\u00f6rper festsetzen k\u00f6nnen<\/div><div dir=\"auto\">Ich nehme immer noch die Mikrodosierung vor. Ich habe das Gef\u00fchl, dass auch das noch hilfreich ist.<\/div>\t\t\t\t\t\t\t\t<\/div>\n\t\t\t\t<\/div>\n\t\t\t\t\t<\/div>\n\t\t\t\t<\/div>\n\t\t<div class=\"elementor-element elementor-element-c94d099 e-flex e-con-boxed e-con e-parent\" data-id=\"c94d099\" data-element_type=\"container\" data-e-type=\"container\">\n\t\t\t\t\t<div class=\"e-con-inner\">\n\t\t\t\t<div class=\"elementor-element elementor-element-49c4156 elementor-align-center elementor-widget elementor-widget-button\" data-id=\"49c4156\" data-element_type=\"widget\" data-e-type=\"widget\" data-widget_type=\"button.default\">\n\t\t\t\t\t\t\t\t\t\t<a class=\"elementor-button elementor-button-link elementor-size-sm\" href=\"https:\/\/www.truffelceremonie.com\/de\/preise-buchung-trueffel-zeremonie\/\">\n\t\t\t\t\t\t<span class=\"elementor-button-content-wrapper\">\n\t\t\t\t\t\t\t\t\t<span class=\"elementor-button-text\">Buchen Sie jetzt Ihre Tr\u00fcffelzeremonie!<\/span>\n\t\t\t\t\t<\/span>\n\t\t\t\t\t<\/a>\n\t\t\t\t\t\t\t\t<\/div>\n\t\t\t\t\t<\/div>\n\t\t\t\t<\/div>\n\t\t<div class=\"elementor-element elementor-element-79db465 e-con-full e-flex e-con e-child\" data-id=\"79db465\" data-element_type=\"container\" data-e-type=\"container\">\n\t\t\t\t<div class=\"elementor-element elementor-element-ab324b8 elementor-widget elementor-widget-heading\" data-id=\"ab324b8\" data-element_type=\"widget\" data-e-type=\"widget\" data-widget_type=\"heading.default\">\n\t\t\t\t\t<h2 class=\"elementor-heading-title elementor-size-default\">Abonnieren Sie jetzt unseren Newsletter<\/h2>\t\t\t\t<\/div>\n\t\t\t\t<div class=\"elementor-element elementor-element-68ed494 elementor-widget__width-initial elementor-widget-mobile__width-inherit elementor-widget elementor-widget-text-editor\" data-id=\"68ed494\" data-element_type=\"widget\" data-e-type=\"widget\" data-widget_type=\"text-editor.default\">\n\t\t\t\t\t\t\t\t\t<p>Unser Newsletter wird bis zu acht Mal im Jahr verschickt.<\/p>\t\t\t\t\t\t\t\t<\/div>\n\t\t\t\t<div class=\"elementor-element elementor-element-5782af0 elementor-widget__width-initial frm-con elementor-button-align-stretch elementor-widget elementor-widget-global elementor-global-65666 elementor-global-50017 elementor-widget-form\" data-id=\"5782af0\" data-element_type=\"widget\" data-e-type=\"widget\" data-settings=\"{&quot;step_next_label&quot;:&quot;N\\u00e4chste&quot;,&quot;step_previous_label&quot;:&quot;Vorherige&quot;,&quot;button_width&quot;:&quot;100&quot;,&quot;step_type&quot;:&quot;number_text&quot;,&quot;step_icon_shape&quot;:&quot;circle&quot;}\" data-widget_type=\"form.default\">\n\t\t\t\t\t\t\t<form class=\"elementor-form\" method=\"post\" name=\"Neue Form\" aria-label=\"Neue Form\">\n\t\t\t<input type=\"hidden\" name=\"post_id\" value=\"46660\"\/>\n\t\t\t<input type=\"hidden\" name=\"form_id\" value=\"5782af0\"\/>\n\t\t\t<input type=\"hidden\" name=\"referer_title\" value=\"\" \/>\n\n\t\t\t\n\t\t\t<div class=\"elementor-form-fields-wrapper elementor-labels-\">\n\t\t\t\t\t\t\t\t<div class=\"elementor-field-type-text elementor-field-group elementor-column elementor-field-group-name elementor-col-50\">\n\t\t\t\t\t\t\t\t\t\t\t\t<label for=\"form-field-name\" class=\"elementor-field-label elementor-screen-only\">\n\t\t\t\t\t\t\t\tName\t\t\t\t\t\t\t<\/label>\n\t\t\t\t\t\t\t\t\t\t\t\t\t\t<input size=\"1\" type=\"text\" name=\"form_fields[name]\" id=\"form-field-name\" class=\"elementor-field elementor-size-md  elementor-field-textual\" placeholder=\"Name\">\n\t\t\t\t\t\t\t\t\t\t\t<\/div>\n\t\t\t\t\t\t\t\t<div class=\"elementor-field-type-email elementor-field-group elementor-column elementor-field-group-email elementor-col-50 elementor-field-required\">\n\t\t\t\t\t\t\t\t\t\t\t\t<label for=\"form-field-email\" class=\"elementor-field-label elementor-screen-only\">\n\t\t\t\t\t\t\t\tE-Mail\t\t\t\t\t\t\t<\/label>\n\t\t\t\t\t\t\t\t\t\t\t\t\t\t<input size=\"1\" type=\"email\" name=\"form_fields[email]\" id=\"form-field-email\" class=\"elementor-field elementor-size-md  elementor-field-textual\" placeholder=\"E-Mail\" required=\"required\">\n\t\t\t\t\t\t\t\t\t\t\t<\/div>\n\t\t\t\t\t\t\t\t<div class=\"elementor-field-type-recaptcha elementor-field-group elementor-column elementor-field-group-field_67b35e6 elementor-col-100\">\n\t\t\t\t\t<div class=\"elementor-field\" id=\"form-field-field_67b35e6\"><div class=\"elementor-g-recaptcha\" data-sitekey=\"6LdMXL4qAAAAAAEeQpc5fUYXWDa26LyNDJKlobXB\" data-type=\"v2_checkbox\" data-theme=\"light\" data-size=\"normal\"><\/div><\/div>\t\t\t\t<\/div>\n\t\t\t\t\t\t\t\t<div class=\"elementor-field-group elementor-column elementor-field-type-submit elementor-col-100 e-form__buttons\">\n\t\t\t\t\t<button class=\"elementor-button elementor-size-sm\" type=\"submit\">\n\t\t\t\t\t\t<span class=\"elementor-button-content-wrapper\">\n\t\t\t\t\t\t\t\t\t\t\t\t\t\t\t\t\t\t\t\t\t\t<span class=\"elementor-button-text\">Versand<\/span>\n\t\t\t\t\t\t\t\t\t\t\t\t\t<\/span>\n\t\t\t\t\t<\/button>\n\t\t\t\t<\/div>\n\t\t\t<\/div>\n\t\t<\/form>\n\t\t\t\t\t\t<\/div>\n\t\t\t\t<\/div>\n\t\t\t\t<\/div>\n\t\t","protected":false},"excerpt":{"rendered":"<p>Home | Meine R\u00fcckenschmerzen sind dank der Tr\u00fcffel vorbei Meine R\u00fcckenschmerzen sind dank der Tr\u00fcffel vorbei F\u00fcr mich ist klar, dass ein Trauma Schmerzen verursacht. Lesen Sie diese Erfahrung und \u00fcberzeugen Sie sich davon, dass Trauma uns krank macht. Es ist schon eine Weile her, dass ich die Tr\u00fcffelzeremonie gemacht habe. Ich wollte schon seit [&hellip;]<\/p>\n","protected":false},"author":1,"featured_media":59441,"parent":0,"menu_order":0,"comment_status":"closed","ping_status":"closed","template":"","meta":{"_joinchat":[],"footnotes":""},"class_list":["post-46660","page","type-page","status-publish","has-post-thumbnail","hentry"],"_links":{"self":[{"href":"https:\/\/www.truffelceremonie.com\/de\/wp-json\/wp\/v2\/pages\/46660","targetHints":{"allow":["GET"]}}],"collection":[{"href":"https:\/\/www.truffelceremonie.com\/de\/wp-json\/wp\/v2\/pages"}],"about":[{"href":"https:\/\/www.truffelceremonie.com\/de\/wp-json\/wp\/v2\/types\/page"}],"author":[{"embeddable":true,"href":"https:\/\/www.truffelceremonie.com\/de\/wp-json\/wp\/v2\/users\/1"}],"replies":[{"embeddable":true,"href":"https:\/\/www.truffelceremonie.com\/de\/wp-json\/wp\/v2\/comments?post=46660"}],"version-history":[{"count":1,"href":"https:\/\/www.truffelceremonie.com\/de\/wp-json\/wp\/v2\/pages\/46660\/revisions"}],"predecessor-version":[{"id":71059,"href":"https:\/\/www.truffelceremonie.com\/de\/wp-json\/wp\/v2\/pages\/46660\/revisions\/71059"}],"wp:featuredmedia":[{"embeddable":true,"href":"https:\/\/www.truffelceremonie.com\/de\/wp-json\/wp\/v2\/media\/59441"}],"wp:attachment":[{"href":"https:\/\/www.truffelceremonie.com\/de\/wp-json\/wp\/v2\/media?parent=46660"}],"curies":[{"name":"wp","href":"https:\/\/api.w.org\/{rel}","templated":true}]}}