{"id":47581,"date":"2024-04-19T12:51:24","date_gmt":"2024-04-19T12:51:24","guid":{"rendered":"https:\/\/www.truffelceremonie.com\/kalender\/"},"modified":"2025-07-02T07:56:22","modified_gmt":"2025-07-02T07:56:22","slug":"kalender","status":"publish","type":"page","link":"https:\/\/www.truffelceremonie.com\/de\/kalender\/","title":{"rendered":"Kalender"},"content":{"rendered":"\t\t<div data-elementor-type=\"wp-page\" data-elementor-id=\"47581\" class=\"elementor elementor-47581 elementor-34648\" data-elementor-post-type=\"page\">\n\t\t\t\t<div class=\"elementor-element elementor-element-1375ea6 purpleback e-flex e-con-boxed e-con e-parent\" data-id=\"1375ea6\" data-element_type=\"container\" data-e-type=\"container\" data-settings=\"{&quot;background_background&quot;:&quot;classic&quot;}\">\n\t\t\t\t\t<div class=\"e-con-inner\">\n\t\t<div class=\"elementor-element elementor-element-f258b0e e-con-full e-flex e-con e-child\" data-id=\"f258b0e\" data-element_type=\"container\" data-e-type=\"container\">\n\t\t\t\t<div class=\"elementor-element elementor-element-32f2704 elementor-widget__width-initial hambur-text elementor-widget elementor-widget-text-editor\" data-id=\"32f2704\" data-element_type=\"widget\" data-e-type=\"widget\" data-widget_type=\"text-editor.default\">\n\t\t\t\t\t\t\t\t\t<p><a style=\"color: white;\" href=\"https:\/\/sqeassignment.space\/truffle\/\">Home<\/a> | Tr\u00fcffel-Zeremoniekalender f\u00fcr Gruppen-Zeremonien<\/p>\t\t\t\t\t\t\t\t<\/div>\n\t\t\t\t<div class=\"elementor-element elementor-element-bb14322 elementor-widget elementor-widget-heading\" data-id=\"bb14322\" data-element_type=\"widget\" data-e-type=\"widget\" data-widget_type=\"heading.default\">\n\t\t\t\t\t<h1 class=\"elementor-heading-title elementor-size-default\">Tr\u00fcffel-Zeremonie-Kalender f\u00fcr Gruppen-Zeremonien<\/h1>\t\t\t\t<\/div>\n\t\t\t\t<div class=\"elementor-element elementor-element-09b0d06 elementor-widget elementor-widget-heading\" data-id=\"09b0d06\" data-element_type=\"widget\" data-e-type=\"widget\" data-widget_type=\"heading.default\">\n\t\t\t\t\t<h2 class=\"elementor-heading-title elementor-size-default\">Hier sind nur Gruppenzeremonien aufgef\u00fchrt<\/h2>\t\t\t\t<\/div>\n\t\t\t\t<div class=\"elementor-element elementor-element-e04b0f7 elementor-widget__width-initial elementor-widget elementor-widget-text-editor\" data-id=\"e04b0f7\" data-element_type=\"widget\" data-e-type=\"widget\" data-widget_type=\"text-editor.default\">\n\t\t\t\t\t\t\t\t\t<p>Tr\u00fcffelzeremonie.com ist die Nummer 1 bei Tr\u00fcffelzeremonien mit Niederlassungen in den gesamten Niederlanden<\/p>\t\t\t\t\t\t\t\t<\/div>\n\t\t\t\t<\/div>\n\t\t\t\t\t<\/div>\n\t\t\t\t<\/div>\n\t\t<div class=\"elementor-element elementor-element-52b86c5 e-flex e-con-boxed e-con e-parent\" data-id=\"52b86c5\" data-element_type=\"container\" data-e-type=\"container\">\n\t\t\t\t\t<div class=\"e-con-inner\">\n\t\t<div class=\"elementor-element elementor-element-01805d2 e-con-full e-flex e-con e-child\" data-id=\"01805d2\" data-element_type=\"container\" data-e-type=\"container\">\n\t\t\t\t<div class=\"elementor-element elementor-element-98cc978 elementor-widget elementor-widget-heading\" data-id=\"98cc978\" data-element_type=\"widget\" data-e-type=\"widget\" data-widget_type=\"heading.default\">\n\t\t\t\t\t<h2 class=\"elementor-heading-title elementor-size-default\">Hier finden Sie alle GROUP Zeremonien von Tr\u00fcffelzeremonie.com<\/h2>\t\t\t\t<\/div>\n\t\t\t\t<div class=\"elementor-element elementor-element-c6a3e5c elementor-widget elementor-widget-text-editor\" data-id=\"c6a3e5c\" data-element_type=\"widget\" data-e-type=\"widget\" data-widget_type=\"text-editor.default\">\n\t\t\t\t\t\t\t\t\t<p>Nachfolgend finden Sie alle Gruppenzeremonien f\u00fcr den kommenden Zeitraum.<\/p><p>F\u00fcr individuelle Zeremonien und private Zeremonien f\u00fcr Duos, Paare, schauen Sie bitte auf der Seite Preise &amp; Buchung nach.<\/p>\t\t\t\t\t\t\t\t<\/div>\n\t\t\t\t<\/div>\n\t\t\t\t\t<\/div>\n\t\t\t\t<\/div>\n\t\t<div class=\"elementor-element elementor-element-49cc6b91 e-flex e-con-boxed e-con e-parent\" data-id=\"49cc6b91\" data-element_type=\"container\" data-e-type=\"container\">\n\t\t\t\t\t<div class=\"e-con-inner\">\n\t\t\t\t<div class=\"elementor-element elementor-element-17a3889 elementor-widget elementor-widget-shortcode\" data-id=\"17a3889\" data-element_type=\"widget\" data-e-type=\"widget\" data-widget_type=\"shortcode.default\">\n\t\t\t\t\t<div class=\"maintable\"><div class=\"tablehead\"><div>Datum<\/div><div class=\"secondcol\">Diensten<\/div><div>Vestiging<\/div><div><\/div><\/div><\/div>\t\t<div class=\"elementor-shortcode\"><\/div>\n\t\t\t\t\t\t<\/div>\n\t\t\t\t\t<\/div>\n\t\t\t\t<\/div>\n\t\t\t\t<\/div>\n\t\t","protected":false},"excerpt":{"rendered":"<p>Home | Tr\u00fcffel-Zeremoniekalender f\u00fcr Gruppen-Zeremonien Tr\u00fcffel-Zeremonie-Kalender f\u00fcr Gruppen-Zeremonien Hier sind nur Gruppenzeremonien aufgef\u00fchrt Tr\u00fcffelzeremonie.com ist die Nummer 1 bei Tr\u00fcffelzeremonien mit Niederlassungen in den gesamten Niederlanden Hier finden Sie alle GROUP Zeremonien von Tr\u00fcffelzeremonie.com Nachfolgend finden Sie alle Gruppenzeremonien f\u00fcr den kommenden Zeitraum. F\u00fcr individuelle Zeremonien und private Zeremonien f\u00fcr Duos, Paare, schauen Sie bitte [&hellip;]<\/p>\n","protected":false},"author":825,"featured_media":59441,"parent":0,"menu_order":0,"comment_status":"closed","ping_status":"closed","template":"","meta":{"_joinchat":[],"footnotes":""},"class_list":["post-47581","page","type-page","status-publish","has-post-thumbnail","hentry"],"_links":{"self":[{"href":"https:\/\/www.truffelceremonie.com\/de\/wp-json\/wp\/v2\/pages\/47581","targetHints":{"allow":["GET"]}}],"collection":[{"href":"https:\/\/www.truffelceremonie.com\/de\/wp-json\/wp\/v2\/pages"}],"about":[{"href":"https:\/\/www.truffelceremonie.com\/de\/wp-json\/wp\/v2\/types\/page"}],"author":[{"embeddable":true,"href":"https:\/\/www.truffelceremonie.com\/de\/wp-json\/wp\/v2\/users\/825"}],"replies":[{"embeddable":true,"href":"https:\/\/www.truffelceremonie.com\/de\/wp-json\/wp\/v2\/comments?post=47581"}],"version-history":[{"count":1,"href":"https:\/\/www.truffelceremonie.com\/de\/wp-json\/wp\/v2\/pages\/47581\/revisions"}],"predecessor-version":[{"id":71144,"href":"https:\/\/www.truffelceremonie.com\/de\/wp-json\/wp\/v2\/pages\/47581\/revisions\/71144"}],"wp:featuredmedia":[{"embeddable":true,"href":"https:\/\/www.truffelceremonie.com\/de\/wp-json\/wp\/v2\/media\/59441"}],"wp:attachment":[{"href":"https:\/\/www.truffelceremonie.com\/de\/wp-json\/wp\/v2\/media?parent=47581"}],"curies":[{"name":"wp","href":"https:\/\/api.w.org\/{rel}","templated":true}]}}