{"id":55922,"date":"2023-01-16T21:30:09","date_gmt":"2023-01-16T21:30:09","guid":{"rendered":"https:\/\/www.truffelceremonie.com\/mein-konto\/"},"modified":"2025-07-02T07:51:38","modified_gmt":"2025-07-02T07:51:38","slug":"mein-konto","status":"publish","type":"page","link":"https:\/\/www.truffelceremonie.com\/de\/mein-konto\/","title":{"rendered":"Mein Konto"},"content":{"rendered":"\t\t<div data-elementor-type=\"wp-page\" data-elementor-id=\"55922\" class=\"elementor elementor-55922 elementor-9\" data-elementor-post-type=\"page\">\n\t\t\t\t<div class=\"elementor-element elementor-element-2ee836be purpleback e-flex e-con-boxed e-con e-parent\" data-id=\"2ee836be\" data-element_type=\"container\" data-e-type=\"container\" data-settings=\"{&quot;background_background&quot;:&quot;classic&quot;}\">\n\t\t\t\t\t<div class=\"e-con-inner\">\n\t\t<div class=\"elementor-element elementor-element-16818a5d e-con-full e-flex e-con e-child\" data-id=\"16818a5d\" data-element_type=\"container\" data-e-type=\"container\">\n\t\t\t\t<div class=\"elementor-element elementor-element-4209ddba elementor-widget__width-initial hambur-text elementor-widget elementor-widget-text-editor\" data-id=\"4209ddba\" data-element_type=\"widget\" data-e-type=\"widget\" data-widget_type=\"text-editor.default\">\n\t\t\t\t\t\t\t\t\tZuhause |  Mein Konto\t\t\t\t\t\t\t\t<\/div>\n\t\t\t\t<div class=\"elementor-element elementor-element-3886f8af elementor-widget elementor-widget-heading\" data-id=\"3886f8af\" data-element_type=\"widget\" data-e-type=\"widget\" data-widget_type=\"heading.default\">\n\t\t\t\t\t<h1 class=\"elementor-heading-title elementor-size-default\">Mein Konto<\/h1>\t\t\t\t<\/div>\n\t\t\t\t<div class=\"elementor-element elementor-element-1bab58ef elementor-widget__width-inherit elementor-widget-mobile__width-inherit elementor-widget elementor-widget-text-editor\" data-id=\"1bab58ef\" data-element_type=\"widget\" data-e-type=\"widget\" data-widget_type=\"text-editor.default\">\n\t\t\t\t\t\t\t\t\t<p>Sie k\u00f6nnen eine <a href=\"https:\/\/www.truffelceremonie.com\/de\/\">Tr\u00fcffel-Zeremonie<\/a> als Vers\u00f6hnung mit sich selbst sehen, Sie k\u00f6nnen sich Ziele setzen und Bewusstsein erlangen und im Jetzt leben. Betrachten Sie es als einen Neubeginn Ihrer Entwicklung zu einem anderen\/besseren Menschen. Ob Sie <a href=\"https:\/\/www.truffelceremonie.com\/doelen\/trauma-verwerking\" data-jwlink-type=\"page\" data-jwlink-identifier=\"8888787\" data-jwlink-title=\"Trauma verwerking\">vergangene Traumata verarbeiten<\/a>, <a href=\"https:\/\/www.truffelceremonie.com\/de\/ueberwindung-von-aengsten-und-panikattacken-durch-eine-trueffelzeremonie\/\" data-jwlink-type=\"page\" data-jwlink-identifier=\"8888800\" data-jwlink-title=\"Angsten en paniek overwinnen\">Angstattacken<\/a> verhindern, eine <a href=\"https:\/\/www.truffelceremonie.com\/doelen\/bijna-dood-ervaring-accepteren\" data-jwlink-type=\"page\" data-jwlink-identifier=\"9872350\" data-jwlink-title=\"Bijna-dood-ervaring accepteren\">Nahtoderfahrung<\/a> besser verstehen, <a href=\"https:\/\/www.truffelceremonie.com\/doelen\/meer-liefde-in-je-leven\" data-jwlink-type=\"page\" data-jwlink-identifier=\"8888774\" data-jwlink-title=\"Meer liefde in je leven\">mehr Liebe erfahren<\/a> oder Ihr <a href=\"https:\/\/www.truffelceremonie.com\/doelen\/ego-verkleinen\" data-jwlink-type=\"page\" data-jwlink-identifier=\"8888815\" data-jwlink-title=\"Ego verkleinen\">Ego schrumpfen lassen<\/a> <a href=\"https:\/\/www.truffelceremonie.com\/doelen\/trauma-verwerking\" data-jwlink-type=\"page\" data-jwlink-identifier=\"8888787\" data-jwlink-title=\"Trauma verwerking\">wollen<\/a>, alles ist m\u00f6glich. Die spirituelle Reise w\u00e4hrend der Tr\u00fcffelzeremonie wird Ihnen Einblicke in Ihr eigenes Leben, Ihren Charakter, Ihre Familienmuster und vieles mehr geben.<\/p>\t\t\t\t\t\t\t\t<\/div>\n\t\t\t\t<\/div>\n\t\t\t\t\t<\/div>\n\t\t\t\t<\/div>\n\t\t<div class=\"elementor-element elementor-element-691aa5a e-flex e-con-boxed e-con e-parent\" data-id=\"691aa5a\" data-element_type=\"container\" data-e-type=\"container\" data-settings=\"{&quot;background_background&quot;:&quot;classic&quot;}\">\n\t\t\t\t\t<div class=\"e-con-inner\">\n\t\t<div class=\"elementor-element elementor-element-45df0e5c e-con-full e-flex e-con e-child\" data-id=\"45df0e5c\" data-element_type=\"container\" data-e-type=\"container\">\n\t\t<div class=\"elementor-element elementor-element-26bc2ac4 e-con-full e-flex e-con e-child\" data-id=\"26bc2ac4\" data-element_type=\"container\" data-e-type=\"container\">\n\t\t<div class=\"elementor-element elementor-element-5b6e94d9 e-con-full e-flex e-con e-child\" data-id=\"5b6e94d9\" data-element_type=\"container\" data-e-type=\"container\">\n\t\t\t\t<div class=\"elementor-element elementor-element-9883805 elementor-widget elementor-widget-shortcode\" data-id=\"9883805\" data-element_type=\"widget\" data-e-type=\"widget\" data-widget_type=\"shortcode.default\">\n\t\t\t\t\t\t\t<div class=\"elementor-shortcode\"><div class=\"woocommerce\"><\/div><\/div>\n\t\t\t\t\t\t<\/div>\n\t\t\t\t<\/div>\n\t\t\t\t<\/div>\n\t\t\t\t<\/div>\n\t\t\t\t\t<\/div>\n\t\t\t\t<\/div>\n\t\t<div class=\"elementor-element elementor-element-6ebd51c e-flex e-con-boxed e-con e-parent\" data-id=\"6ebd51c\" data-element_type=\"container\" data-e-type=\"container\" data-settings=\"{&quot;background_background&quot;:&quot;classic&quot;}\">\n\t\t\t\t\t<div class=\"e-con-inner\">\n\t\t\t\t<div class=\"elementor-element elementor-element-71162191 elementor-widget elementor-widget-template\" data-id=\"71162191\" data-element_type=\"widget\" data-e-type=\"widget\" data-widget_type=\"template.default\">\n\t\t\t\t<div class=\"elementor-widget-container\">\n\t\t\t\t\t\t\t<div class=\"elementor-template\">\n\t\t\t\t\t<div data-elementor-type=\"page\" data-elementor-id=\"49897\" class=\"elementor elementor-49897 elementor-45663 elementor-45663\" data-elementor-post-type=\"elementor_library\">\n\t\t\t\t<div class=\"elementor-element elementor-element-3d230c9a e-flex e-con-boxed e-con e-parent\" data-id=\"3d230c9a\" data-element_type=\"container\" data-e-type=\"container\" data-settings=\"{&quot;background_background&quot;:&quot;classic&quot;}\">\n\t\t\t\t\t<div class=\"e-con-inner\">\n\t\t<div class=\"elementor-element elementor-element-3443f92c e-con-full e-flex e-con e-child\" data-id=\"3443f92c\" data-element_type=\"container\" data-e-type=\"container\">\n\t\t\t\t<div class=\"elementor-element elementor-element-f8e524a elementor-widget elementor-widget-image\" data-id=\"f8e524a\" data-element_type=\"widget\" data-e-type=\"widget\" data-widget_type=\"image.default\">\n\t\t\t\t\t\t\t\t\t\t\t\t\t\t\t<img fetchpriority=\"high\" decoding=\"async\" width=\"800\" height=\"860\" src=\"https:\/\/www.truffelceremonie.com\/wp-content\/uploads\/2024\/12\/banner-ebook-Programm-fuer-Transformation-von-Trueffelzeremonie_com-953x1024.jpg\" class=\"attachment-large size-large wp-image-44028\" alt=\"Programm f\u00fcr Transformation\" srcset=\"https:\/\/www.truffelceremonie.com\/wp-content\/uploads\/2024\/12\/banner-ebook-Programm-fuer-Transformation-von-Trueffelzeremonie_com-953x1024.jpg 953w, https:\/\/www.truffelceremonie.com\/wp-content\/uploads\/2024\/12\/banner-ebook-Programm-fuer-Transformation-von-Trueffelzeremonie_com-279x300.jpg 279w, https:\/\/www.truffelceremonie.com\/wp-content\/uploads\/2024\/12\/banner-ebook-Programm-fuer-Transformation-von-Trueffelzeremonie_com-768x825.jpg 768w, https:\/\/www.truffelceremonie.com\/wp-content\/uploads\/2024\/12\/banner-ebook-Programm-fuer-Transformation-von-Trueffelzeremonie_com-600x645.jpg 600w, https:\/\/www.truffelceremonie.com\/wp-content\/uploads\/2024\/12\/banner-ebook-Programm-fuer-Transformation-von-Trueffelzeremonie_com.jpg 1420w\" sizes=\"(max-width: 800px) 100vw, 800px\" \/>\t\t\t\t\t\t\t\t\t\t\t\t\t\t\t<\/div>\n\t\t\t\t<\/div>\n\t\t<div class=\"elementor-element elementor-element-5c62b68a e-con-full e-flex e-con e-child\" data-id=\"5c62b68a\" data-element_type=\"container\" data-e-type=\"container\">\n\t\t\t\t<div class=\"elementor-element elementor-element-195e76b7 elementor-widget elementor-widget-heading\" data-id=\"195e76b7\" data-element_type=\"widget\" data-e-type=\"widget\" data-widget_type=\"heading.default\">\n\t\t\t\t\t<h2 class=\"elementor-heading-title elementor-size-default\">M\u00f6chten Sie das Programm f\u00fcr Transformation als eBook kostenlos herunterladen?<\/h2>\t\t\t\t<\/div>\n\t\t\t\t<div class=\"elementor-element elementor-element-4e70f385 elementor-widget elementor-widget-text-editor\" data-id=\"4e70f385\" data-element_type=\"widget\" data-e-type=\"widget\" data-widget_type=\"text-editor.default\">\n\t\t\t\t\t\t\t\t\t<p>Geben Sie hier Ihre Daten ein und laden Sie sofort das eBook zum Programm f\u00fcr Transformation von Tr\u00fcffelzeremonie.com herunter.<\/p>\t\t\t\t\t\t\t\t<\/div>\n\t\t\t\t<div class=\"elementor-element elementor-element-43c850b elementor-widget__width-initial frm-con elementor-button-align-stretch elementor-widget elementor-widget-global elementor-global-58427 elementor-global-49977 elementor-global-49977 elementor-widget-form\" data-id=\"43c850b\" data-element_type=\"widget\" data-e-type=\"widget\" data-settings=\"{&quot;step_next_label&quot;:&quot;N\\u00e4chste&quot;,&quot;step_previous_label&quot;:&quot;Vorherige&quot;,&quot;button_width&quot;:&quot;100&quot;,&quot;step_type&quot;:&quot;number_text&quot;,&quot;step_icon_shape&quot;:&quot;circle&quot;}\" data-widget_type=\"form.default\">\n\t\t\t\t\t\t\t<form class=\"elementor-form\" method=\"post\" name=\"Neue Form\" aria-label=\"Neue Form\">\n\t\t\t<input type=\"hidden\" name=\"post_id\" value=\"49897\"\/>\n\t\t\t<input type=\"hidden\" name=\"form_id\" value=\"43c850b\"\/>\n\t\t\t<input type=\"hidden\" name=\"referer_title\" value=\"\" \/>\n\n\t\t\t\n\t\t\t<div class=\"elementor-form-fields-wrapper elementor-labels-\">\n\t\t\t\t\t\t\t\t<div class=\"elementor-field-type-text elementor-field-group elementor-column elementor-field-group-name elementor-col-50\">\n\t\t\t\t\t\t\t\t\t\t\t\t\t<input size=\"1\" type=\"text\" name=\"form_fields[name]\" id=\"form-field-name\" class=\"elementor-field elementor-size-md  elementor-field-textual\" placeholder=\"Name\">\n\t\t\t\t\t\t\t\t\t\t\t<\/div>\n\t\t\t\t\t\t\t\t<div class=\"elementor-field-type-email elementor-field-group elementor-column elementor-field-group-email elementor-col-50 elementor-field-required\">\n\t\t\t\t\t\t\t\t\t\t\t\t\t<input size=\"1\" type=\"email\" name=\"form_fields[email]\" id=\"form-field-email\" class=\"elementor-field elementor-size-md  elementor-field-textual\" placeholder=\"E-Mail\" required=\"required\">\n\t\t\t\t\t\t\t\t\t\t\t<\/div>\n\t\t\t\t\t\t\t\t<div class=\"elementor-field-type-recaptcha elementor-field-group elementor-column elementor-field-group-field_9ecc503 elementor-col-100\">\n\t\t\t\t\t<div class=\"elementor-field\" id=\"form-field-field_9ecc503\"><div class=\"elementor-g-recaptcha\" data-sitekey=\"6LdMXL4qAAAAAAEeQpc5fUYXWDa26LyNDJKlobXB\" data-type=\"v2_checkbox\" data-theme=\"light\" data-size=\"normal\"><\/div><\/div>\t\t\t\t<\/div>\n\t\t\t\t\t\t\t\t<div class=\"elementor-field-group elementor-column elementor-field-type-submit elementor-col-100 e-form__buttons\">\n\t\t\t\t\t<button class=\"elementor-button elementor-size-sm\" type=\"submit\">\n\t\t\t\t\t\t<span class=\"elementor-button-content-wrapper\">\n\t\t\t\t\t\t\t\t\t\t\t\t\t\t\t\t\t\t\t\t\t\t<span class=\"elementor-button-text\">Herunterladen<\/span>\n\t\t\t\t\t\t\t\t\t\t\t\t\t<\/span>\n\t\t\t\t\t<\/button>\n\t\t\t\t<\/div>\n\t\t\t<\/div>\n\t\t<\/form>\n\t\t\t\t\t\t<\/div>\n\t\t\t\t<\/div>\n\t\t\t\t\t<\/div>\n\t\t\t\t<\/div>\n\t\t\t\t<\/div>\n\t\t\t\t<\/div>\n\t\t\t\t\t\t<\/div>\n\t\t\t\t<\/div>\n\t\t\t\t\t<\/div>\n\t\t\t\t<\/div>\n\t\t\t\t<\/div>\n\t\t","protected":false},"excerpt":{"rendered":"<p>Sie k\u00f6nnen eine Tr\u00fcffel-Zeremonie als Vers\u00f6hnung mit sich selbst sehen, Sie k\u00f6nnen sich Ziele setzen und Bewusstsein erlangen und im Jetzt leben. Betrachten Sie es als einen Neubeginn Ihrer Entwicklung zu einem anderen\/besseren Menschen. Ob Sie vergangene Traumata verarbeiten, Angstattacken verhindern, eine Nahtoderfahrung besser verstehen, mehr Liebe erfahren oder Ihr Ego schrumpfen lassen wollen, alles [&hellip;]<\/p>\n","protected":false},"author":1,"featured_media":59441,"parent":0,"menu_order":0,"comment_status":"closed","ping_status":"closed","template":"","meta":{"_joinchat":[],"footnotes":""},"class_list":["post-55922","page","type-page","status-publish","has-post-thumbnail","hentry"],"_links":{"self":[{"href":"https:\/\/www.truffelceremonie.com\/de\/wp-json\/wp\/v2\/pages\/55922","targetHints":{"allow":["GET"]}}],"collection":[{"href":"https:\/\/www.truffelceremonie.com\/de\/wp-json\/wp\/v2\/pages"}],"about":[{"href":"https:\/\/www.truffelceremonie.com\/de\/wp-json\/wp\/v2\/types\/page"}],"author":[{"embeddable":true,"href":"https:\/\/www.truffelceremonie.com\/de\/wp-json\/wp\/v2\/users\/1"}],"replies":[{"embeddable":true,"href":"https:\/\/www.truffelceremonie.com\/de\/wp-json\/wp\/v2\/comments?post=55922"}],"version-history":[{"count":1,"href":"https:\/\/www.truffelceremonie.com\/de\/wp-json\/wp\/v2\/pages\/55922\/revisions"}],"predecessor-version":[{"id":70930,"href":"https:\/\/www.truffelceremonie.com\/de\/wp-json\/wp\/v2\/pages\/55922\/revisions\/70930"}],"wp:featuredmedia":[{"embeddable":true,"href":"https:\/\/www.truffelceremonie.com\/de\/wp-json\/wp\/v2\/media\/59441"}],"wp:attachment":[{"href":"https:\/\/www.truffelceremonie.com\/de\/wp-json\/wp\/v2\/media?parent=55922"}],"curies":[{"name":"wp","href":"https:\/\/api.w.org\/{rel}","templated":true}]}}