{"id":63145,"date":"2025-02-06T18:07:59","date_gmt":"2025-02-06T18:07:59","guid":{"rendered":"https:\/\/www.truffelceremonie.com\/satz-und-einstellung\/"},"modified":"2025-07-02T07:59:16","modified_gmt":"2025-07-02T07:59:16","slug":"satz-und-einstellung","status":"publish","type":"page","link":"https:\/\/www.truffelceremonie.com\/de\/satz-und-einstellung\/","title":{"rendered":"Satz und Einstellung"},"content":{"rendered":"\t\t<div data-elementor-type=\"wp-page\" data-elementor-id=\"63145\" class=\"elementor elementor-63145 elementor-63121\" data-elementor-post-type=\"page\">\n\t\t\t\t<div class=\"elementor-element elementor-element-d267b07 purpleback e-flex e-con-boxed e-con e-parent\" data-id=\"d267b07\" data-element_type=\"container\" data-e-type=\"container\" data-settings=\"{&quot;background_background&quot;:&quot;classic&quot;}\">\n\t\t\t\t\t<div class=\"e-con-inner\">\n\t\t<div class=\"elementor-element elementor-element-13d85e0 e-con-full e-flex e-con e-child\" data-id=\"13d85e0\" data-element_type=\"container\" data-e-type=\"container\">\n\t\t\t\t<div class=\"elementor-element elementor-element-98262ed elementor-widget__width-initial hambur-text elementor-widget elementor-widget-text-editor\" data-id=\"98262ed\" data-element_type=\"widget\" data-e-type=\"widget\" data-widget_type=\"text-editor.default\">\n\t\t\t\t\t\t\t\t\t<p><a style=\"color: white;\" href=\"https:\/\/sqeassignment.space\/truffle\/\">Home<\/a> | Set und Setting bei einer Tr\u00fcffelzeremonie: Was Sie wissen m\u00fcssen<\/p>\t\t\t\t\t\t\t\t<\/div>\n\t\t\t\t<div class=\"elementor-element elementor-element-855e363 elementor-widget elementor-widget-heading\" data-id=\"855e363\" data-element_type=\"widget\" data-e-type=\"widget\" data-widget_type=\"heading.default\">\n\t\t\t\t\t<h1 class=\"elementor-heading-title elementor-size-default\">Set und Setting bei einer Tr\u00fcffelzeremonie: Was Sie wissen m\u00fcssen<\/h1>\t\t\t\t<\/div>\n\t\t\t\t<div class=\"elementor-element elementor-element-5461599 elementor-widget__width-inherit elementor-widget-mobile__width-inherit elementor-widget elementor-widget-text-editor\" data-id=\"5461599\" data-element_type=\"widget\" data-e-type=\"widget\" data-widget_type=\"text-editor.default\">\n\t\t\t\t\t\t\t\t\t<p>Die Kulisse und der Rahmen sind entscheidende Faktoren, wenn Sie an einer psychedelischen Zeremonie teilnehmen, insbesondere wenn Sie Substanzen wie Tr\u00fcffel verwenden.<\/p><p>Die Art und Weise, wie die physische und soziale Umgebung gestaltet ist, kann den Unterschied zwischen einer positiven Erfahrung und einem schlechten Trip ausmachen. Die Begriffe &#8220;Setting&#8221; und &#8220;Setting&#8221; wurden erstmals von Timothy Leary verwendet, einem bekannten Psychologen, der in den 1960er Jahren die Auswirkungen psychedelischer Substanzen untersuchte. <\/p><p>Er betonte, wie wichtig es ist, sich der Umgebung und des mentalen Zustands der Person, die die Drogen einnimmt, bewusst zu sein. Bei einer Tr\u00fcffelzeremonie geht es nicht nur darum, welche Art von Tr\u00fcffeln Sie verwenden, sondern auch um die Umgebung, in der Sie sich befinden. <\/p>\t\t\t\t\t\t\t\t<\/div>\n\t\t\t\t<\/div>\n\t\t\t\t\t<\/div>\n\t\t\t\t<\/div>\n\t\t<div class=\"elementor-element elementor-element-04bff38 e-flex e-con-boxed e-con e-parent\" data-id=\"04bff38\" data-element_type=\"container\" data-e-type=\"container\" data-settings=\"{&quot;background_background&quot;:&quot;classic&quot;}\">\n\t\t\t\t\t<div class=\"e-con-inner\">\n\t\t<div class=\"elementor-element elementor-element-bb08897 e-con-full e-flex e-con e-child\" data-id=\"bb08897\" data-element_type=\"container\" data-e-type=\"container\">\n\t\t\t\t<div class=\"elementor-element elementor-element-0acaf83 elementor-widget elementor-widget-heading\" data-id=\"0acaf83\" data-element_type=\"widget\" data-e-type=\"widget\" data-widget_type=\"heading.default\">\n\t\t\t\t\t<h2 class=\"elementor-heading-title elementor-size-default\">Das Set<\/h2>\t\t\t\t<\/div>\n\t\t\t\t<div class=\"elementor-element elementor-element-a4ab0ed elementor-widget__width-inherit elementor-widget elementor-widget-text-editor\" data-id=\"a4ab0ed\" data-element_type=\"widget\" data-e-type=\"widget\" data-widget_type=\"text-editor.default\">\n\t\t\t\t\t\t\t\t\t<p>Set bezieht sich auf Ihren mentalen und emotionalen Zustand zu dem Zeitpunkt, an dem Sie die Substanzen einnehmen. Ihre Gem\u00fctsverfassung, Ihre Erwartungen und Ihre mentale Vorbereitung spielen eine gro\u00dfe Rolle dabei, wie Ihre Reise verlaufen wird. Wenn Sie zum Beispiel angespannt oder \u00e4ngstlich sind, k\u00f6nnen sich diese Gef\u00fchle w\u00e4hrend der Reise verst\u00e4rken.  <\/p>\t\t\t\t\t\t\t\t<\/div>\n\t\t\t\t<div class=\"elementor-element elementor-element-34f63f6 elementor-align-center elementor-widget elementor-widget-button\" data-id=\"34f63f6\" data-element_type=\"widget\" data-e-type=\"widget\" data-widget_type=\"button.default\">\n\t\t\t\t\t\t\t\t\t\t<a class=\"elementor-button elementor-button-link elementor-size-sm\" href=\"https:\/\/www.truffelceremonie.com\/de\/preise-buchung-trueffel-zeremonie\/\">\n\t\t\t\t\t\t<span class=\"elementor-button-content-wrapper\">\n\t\t\t\t\t\t\t\t\t<span class=\"elementor-button-text\">Buchen Sie jetzt Ihre Tr\u00fcffelzeremonie, um Ihre Depression zu bek\u00e4mpfen.<\/span>\n\t\t\t\t\t<\/span>\n\t\t\t\t\t<\/a>\n\t\t\t\t\t\t\t\t<\/div>\n\t\t\t\t<\/div>\n\t\t\t\t\t<\/div>\n\t\t\t\t<\/div>\n\t\t<div class=\"elementor-element elementor-element-5b2ff82 purpleback e-flex e-con-boxed e-con e-parent\" data-id=\"5b2ff82\" data-element_type=\"container\" data-e-type=\"container\" data-settings=\"{&quot;background_background&quot;:&quot;classic&quot;}\">\n\t\t\t\t\t<div class=\"e-con-inner\">\n\t\t<div class=\"elementor-element elementor-element-d2803e1 e-con-full e-flex e-con e-child\" data-id=\"d2803e1\" data-element_type=\"container\" data-e-type=\"container\">\n\t\t\t\t<div class=\"elementor-element elementor-element-8b6efa2 elementor-widget elementor-widget-heading\" data-id=\"8b6efa2\" data-element_type=\"widget\" data-e-type=\"widget\" data-widget_type=\"heading.default\">\n\t\t\t\t\t<h2 class=\"elementor-heading-title elementor-size-default\">Die Einstellung<\/h2>\t\t\t\t<\/div>\n\t\t\t\t<div class=\"elementor-element elementor-element-bd8e1df elementor-widget__width-initial elementor-widget-mobile__width-inherit elementor-widget elementor-widget-text-editor\" data-id=\"bd8e1df\" data-element_type=\"widget\" data-e-type=\"widget\" data-widget_type=\"text-editor.default\">\n\t\t\t\t\t\t\t\t\t<p>Der Rahmen hingegen betrifft Ihr physisches und soziales Umfeld. Das ist der Raum, in dem Sie der Zeremonie beiwohnen, die Menschen, mit denen Sie ihn teilen, und die Atmosph\u00e4re, die geschaffen wird. Die Art und Weise, wie diese Elemente angeordnet sind, kann sich positiv oder negativ auf den Verlauf Ihrer Erfahrung auswirken.  <\/p><p>Manche Menschen entscheiden sich daf\u00fcr, psychedelische Substanzen wie Zauberpilze oder <a href=\"https:\/\/www.truffelceremonie.com\/de\/was-sind-psychedelische-trueffel\/\" target=\"_blank\" rel=\"noopener noreferrer\">Tr\u00fcffel<\/a> in einer kontrollierten und sicheren Umgebung zu konsumieren, beispielsweise bei einer Zeremonie. Dies kann ihnen helfen, die richtige Einstellung zu finden und sich auf die spirituellen oder <a href=\"https:\/\/www.truffelceremonie.com\/de\/programm-ausbildung\/\" target=\"_blank\" rel=\"noopener noreferrer\">therapeutischen Aspekte<\/a> der Erfahrung zu konzentrieren. <\/p><p>In der Tat k\u00f6nnen die Risiken des psychedelischen Konsums, wie z.B. ein <a href=\"https:\/\/www.truffelceremonie.com\/bad-trip\/\" target=\"_blank\" rel=\"noopener noreferrer\">schlechter Trip<\/a>, durch das richtige Set und die richtige Einstellung reduziert werden. Es ist wichtig, sich vorher gut vorzubereiten, sowohl geistig als auch k\u00f6rperlich. <\/p><p>Die physische und soziale Umgebung, in der Sie sich befinden, ist f\u00fcr den Erfolg Ihres Erlebnisses von gro\u00dfer Bedeutung. Idealerweise sollte der Raum ruhig, sauber und komfortabel sein, mit sanfter Beleuchtung und leiser Musik. Manche Menschen entscheiden sich f\u00fcr eine Naturzeremonie, bei der sie drau\u00dfen in der Natur sitzen, um ihre Erfahrung zu verst\u00e4rken.  <\/p>\t\t\t\t\t\t\t\t<\/div>\n\t\t\t\t<div class=\"elementor-element elementor-element-2d28895 elementor-align-center elementor-widget elementor-widget-button\" data-id=\"2d28895\" data-element_type=\"widget\" data-e-type=\"widget\" data-widget_type=\"button.default\">\n\t\t\t\t\t\t\t\t\t\t<a class=\"elementor-button elementor-button-link elementor-size-sm\" href=\"https:\/\/www.truffelceremonie.com\/de\/psilocybin-ist-laut-rivm-sicher\/\">\n\t\t\t\t\t\t<span class=\"elementor-button-content-wrapper\">\n\t\t\t\t\t\t\t\t\t<span class=\"elementor-button-text\">M\u00f6chten Sie mehr \u00fcber die Forschung des RIVM zu Psilocybin lesen? Dann lesen Sie diesen Text.<\/span>\n\t\t\t\t\t<\/span>\n\t\t\t\t\t<\/a>\n\t\t\t\t\t\t\t\t<\/div>\n\t\t\t\t<\/div>\n\t\t\t\t\t<\/div>\n\t\t\t\t<\/div>\n\t\t<div class=\"elementor-element elementor-element-c028d3e e-flex e-con-boxed e-con e-parent\" data-id=\"c028d3e\" data-element_type=\"container\" data-e-type=\"container\" data-settings=\"{&quot;background_background&quot;:&quot;classic&quot;}\">\n\t\t\t\t\t<div class=\"e-con-inner\">\n\t\t<div class=\"elementor-element elementor-element-f69dcf1 e-con-full e-flex e-con e-child\" data-id=\"f69dcf1\" data-element_type=\"container\" data-e-type=\"container\">\n\t\t\t\t<div class=\"elementor-element elementor-element-a1296b8 elementor-widget__width-inherit elementor-widget elementor-widget-text-editor\" data-id=\"a1296b8\" data-element_type=\"widget\" data-e-type=\"widget\" data-widget_type=\"text-editor.default\">\n\t\t\t\t\t\t\t\t\t<p>Dieser Rahmen kann Ihnen helfen, tiefer in Ihre Gedanken und Gef\u00fchle einzutauchen. Andere w\u00e4hlen einen gesch\u00fctzteren und intimeren Raum, wie z.B. ein spirituelles Zentrum, in dem eine Gruppe von Vermittlern anwesend ist, um Ihnen bei der Erfahrung zu helfen. <\/p><p>W\u00e4hrend der Zeremonie k\u00f6nnen Ihre Sinne stark gesch\u00e4rft sein. Ger\u00fcche, Farben und Ger\u00e4usche k\u00f6nnen sich viel intensiver anf\u00fchlen als sonst, und es kann manchmal schwierig sein, zu unterscheiden, was real ist und was nicht. Aus diesem Grund ist die Umgebung, in der Sie sich befinden, so wichtig.  <\/p><p>Wenn Sie sich nicht sicher f\u00fchlen oder wenn es unerwartete St\u00f6rungen gibt, kann dies zu Angst und Verwirrung f\u00fchren. In manchen F\u00e4llen k\u00f6nnen sich diese Gef\u00fchle zu einem schlechten Trip entwickeln, einer negativen Erfahrung, die zu Gef\u00fchlen der Panik oder Desorientierung f\u00fchren kann. Daher ist es wichtig, einen Ort zu w\u00e4hlen, dem Sie vertrauen und an dem Sie sich wohlf\u00fchlen.  <\/p>\t\t\t\t\t\t\t\t<\/div>\n\t\t\t\t<div class=\"elementor-element elementor-element-2d705a1 elementor-widget elementor-widget-heading\" data-id=\"2d705a1\" data-element_type=\"widget\" data-e-type=\"widget\" data-widget_type=\"heading.default\">\n\t\t\t\t\t<h2 class=\"elementor-heading-title elementor-size-default\">Unter Anleitung<\/h2>\t\t\t\t<\/div>\n\t\t\t\t<div class=\"elementor-element elementor-element-ae9ab95 elementor-widget__width-inherit elementor-widget elementor-widget-text-editor\" data-id=\"ae9ab95\" data-element_type=\"widget\" data-e-type=\"widget\" data-widget_type=\"text-editor.default\">\n\t\t\t\t\t\t\t\t\t<p>Viele Menschen entscheiden sich daf\u00fcr, Tr\u00fcffel oder Zauberpilze unter der Anleitung von erfahrenen Zeremonienleitern zu konsumieren. Diese Menschen kennen die Risiken, die mit der Einnahme solcher Substanzen verbunden sind und wissen, wie sie helfen k\u00f6nnen, wenn jemand w\u00e4hrend des Trips in Panik ger\u00e4t. <\/p><p>Dies ist einer der gr\u00f6\u00dften Vorteile der Teilnahme an einer organisierten Zeremonie, bei der Sie Anleitung und Betreuung von Menschen erhalten, die wissen, wie man eine sichere und unterst\u00fctzende Umgebung schafft.<\/p><p>Wenn Sie sich auf eine Tr\u00fcffelzeremonie vorbereiten, ist es auch wichtig, auf Ihre eigene mentale Verfassung zu achten. Wie bereits erw\u00e4hnt, beeinflussen Ihre Gef\u00fchle Ihr Erlebnis. Wenn Sie sich gestresst, traurig oder \u00e4ngstlich f\u00fchlen, k\u00f6nnen diese Gef\u00fchle durch die Wirkung der Tr\u00fcffel noch verst\u00e4rkt werden. Es ist also eine gute Idee, n\u00fcchtern zu bleiben, sowohl k\u00f6rperlich als auch geistig, bevor Sie beginnen. Stellen Sie sicher, dass Sie sich in einem positiven Gem\u00fctszustand befinden, denn eine offene, entspannte Haltung erh\u00f6ht die Chancen auf ein positives Erlebnis.    <\/p><p>Psychedelische Substanzen, wie Tr\u00fcffel und Zauberpilze, k\u00f6nnen das Bewusstsein auf einzigartige Weise ver\u00e4ndern. Die <a href=\"https:\/\/www.truffelceremonie.com\/de\/serotonin-rezeptoren\/\" target=\"_blank\" rel=\"noopener noreferrer\">Serotoninrezeptoren<\/a> im Gehirn werden beeinflusst, wodurch Gef\u00fchle, Gedanken und Wahrnehmungen auf eine tiefere, intensivere Weise erlebt werden. W\u00e4hrend die meisten Menschen eine positive Erfahrung machen, kann es bei einigen zu negativen Reaktionen kommen. Es ist wichtig, dass Sie sich der m\u00f6glichen Risiken, wie einem schlechten Trip, bewusst sind und sich darauf vorbereiten, wie Sie damit umgehen k\u00f6nnen.   <\/p><p>Es gibt verschiedene Arten von Drogen mit psychedelischer Wirkung, und jede hat ihre eigenen spezifischen Effekte. LSD, <a href=\"https:\/\/www.truffelceremonie.com\/de\/mdma-therapie\/\" target=\"_blank\" rel=\"noopener noreferrer\">MDMA<\/a> (xtc-Pille) und Tr\u00fcffel sind einige Beispiele f\u00fcr Drogen, die h\u00e4ufig f\u00fcr psychedelische Reisen verwendet werden. <\/p><p>Jede wirkt anders auf das Gehirn, aber die Gesamtwirkung ist \u00e4hnlich: Ver\u00e4nderungen der Wahrnehmung, der Gef\u00fchle und des Denkens. Tr\u00fcffel sind f\u00fcr ihre milde und erdige Wirkung bekannt, die oft als angenehm und aufschlussreich empfunden wird, besonders in einer sicheren und unterst\u00fctzenden Umgebung. <\/p><p>W\u00e4hrend der Reise k\u00f6nnen Sie visuelle und auditive Halluzinationen erleben, was sowohl faszinierend als auch \u00fcberw\u00e4ltigend sein kann. Es ist sehr wichtig, sich dar\u00fcber im Klaren zu sein, dass diese Erfahrungen nicht die Realit\u00e4t sind, sondern vor\u00fcbergehende Ph\u00e4nomene, die auf den Einfluss der Tr\u00fcffel zur\u00fcckzuf\u00fchren sind. Umso wichtiger ist es, dass Sie sich in einer ruhigen und unterst\u00fctzenden Umgebung befinden, in der Sie sich der Erfahrung ohne Angst oder Unsicherheit hingeben k\u00f6nnen.  <\/p><p>Es gibt auch k\u00f6rperliche Reaktionen auf die Substanzen, die Sie w\u00e4hrend der Reise erleben k\u00f6nnen. Manchmal kann es zu \u00dcbelkeit, Ver\u00e4nderungen der Herzfrequenz oder leichten Kopfschmerzen kommen. Diese Auswirkungen sind in der Regel vor\u00fcbergehend, k\u00f6nnen aber Unbehagen verursachen. Daher ist es wichtig, dass Sie sich vor der Teilnahme an einer Tr\u00fcffelzeremonie gut um sich selbst k\u00fcmmern. Achten Sie darauf, dass Sie ausreichend geschlafen haben, hydriert und mental vorbereitet sind.    <\/p><p>Es ist wichtig, den richtigen Rahmen f\u00fcr Ihre Zeremonie zu w\u00e4hlen. Wenn Sie das Set und den Rahmen sorgf\u00e4ltig ausw\u00e4hlen, k\u00f6nnen Sie eine positive Erfahrung machen, die nicht nur sicher, sondern auch tiefgreifend und erhellend ist. Der Zweck einer Tr\u00fcffelzeremonie besteht nicht nur darin, mit psychedelischen Substanzen zu experimentieren, sondern spirituelle, therapeutische oder pers\u00f6nliche Einsichten zu gewinnen. Mit der richtigen Vorbereitung und Anleitung kann dies eine kraftvolle und transformative Erfahrung sein.   <\/p>\t\t\t\t\t\t\t\t<\/div>\n\t\t\t\t<\/div>\n\t\t\t\t\t<\/div>\n\t\t\t\t<\/div>\n\t\t<div class=\"elementor-element elementor-element-76ac76f purpleback e-flex e-con-boxed e-con e-parent\" data-id=\"76ac76f\" data-element_type=\"container\" data-e-type=\"container\" data-settings=\"{&quot;background_background&quot;:&quot;classic&quot;}\">\n\t\t\t\t\t<div class=\"e-con-inner\">\n\t\t<div class=\"elementor-element elementor-element-a18ba0c e-con-full e-flex e-con e-child\" data-id=\"a18ba0c\" data-element_type=\"container\" data-e-type=\"container\">\n\t\t\t\t<div class=\"elementor-element elementor-element-5047865 elementor-widget elementor-widget-heading\" data-id=\"5047865\" data-element_type=\"widget\" data-e-type=\"widget\" data-widget_type=\"heading.default\">\n\t\t\t\t\t<h2 class=\"elementor-heading-title elementor-size-default\">Programm f\u00fcr Transformation<\/h2>\t\t\t\t<\/div>\n\t\t\t\t<div class=\"elementor-element elementor-element-8e990b7 elementor-widget__width-initial elementor-widget-mobile__width-inherit elementor-widget elementor-widget-text-editor\" data-id=\"8e990b7\" data-element_type=\"widget\" data-e-type=\"widget\" data-widget_type=\"text-editor.default\">\n\t\t\t\t\t\t\t\t\t<p>Drei Monate lang werden in drei Tr\u00fcffelzeremonien und neun Therapiesitzungen eine Vielzahl von Lebensfragen und verschiedene St\u00f6rungen behandelt. Die Teilnehmer kommen aus der ganzen Welt f\u00fcr diese <a href=\"https:\/\/www.truffelceremonie.com\/programma\/psychedelische-therapie\" target=\"_blank\" rel=\"noopener noreferrer\">psychedelische Erfahrung<\/a> in die verschiedenen Filialen von Tr\u00fcffelzeremonie.com.<\/p><p>Hierf\u00fcr haben wir das Programm f\u00fcr Transformation geschrieben. Wir passen dieses Programm jedes Mal an die Bed\u00fcrfnisse, <a href=\"https:\/\/www.truffelceremonie.com\/de\/absichtserklaerungen-fuer-eine-trueffelzeremonie\/\" target=\"_blank\" rel=\"noopener noreferrer\">Absichten<\/a>, Ziele, Traumata usw. von Ihnen als Teilnehmer an.<\/p>\t\t\t\t\t\t\t\t<\/div>\n\t\t\t\t<div class=\"elementor-element elementor-element-670583e elementor-align-center elementor-widget elementor-widget-button\" data-id=\"670583e\" data-element_type=\"widget\" data-e-type=\"widget\" data-widget_type=\"button.default\">\n\t\t\t\t\t\t\t\t\t\t<a class=\"elementor-button elementor-button-link elementor-size-sm\" href=\"https:\/\/www.truffelceremonie.com\/de\/einfuehrung-programm-fuer-transformation\/\">\n\t\t\t\t\t\t<span class=\"elementor-button-content-wrapper\">\n\t\t\t\t\t\t\t\t\t<span class=\"elementor-button-text\">Informieren Sie sich jetzt \u00fcber die Optionen des Programms f\u00fcr Transformation<\/span>\n\t\t\t\t\t<\/span>\n\t\t\t\t\t<\/a>\n\t\t\t\t\t\t\t\t<\/div>\n\t\t\t\t<\/div>\n\t\t\t\t<div class=\"elementor-element elementor-element-148ef63 elementor-widget elementor-widget-image\" data-id=\"148ef63\" data-element_type=\"widget\" data-e-type=\"widget\" data-widget_type=\"image.default\">\n\t\t\t\t\t\t\t\t\t\t\t\t\t\t\t\t<a href=\"\/ebook-programma-voor-transformatie\">\n\t\t\t\t\t\t\t<img fetchpriority=\"high\" decoding=\"async\" width=\"800\" height=\"860\" src=\"https:\/\/www.truffelceremonie.com\/wp-content\/uploads\/2024\/12\/banner-ebook-Programm-fuer-Transformation-von-Trueffelzeremonie_com-953x1024.jpg\" class=\"attachment-large size-large wp-image-44028\" alt=\"Programm f\u00fcr Transformation\" srcset=\"https:\/\/www.truffelceremonie.com\/wp-content\/uploads\/2024\/12\/banner-ebook-Programm-fuer-Transformation-von-Trueffelzeremonie_com-953x1024.jpg 953w, https:\/\/www.truffelceremonie.com\/wp-content\/uploads\/2024\/12\/banner-ebook-Programm-fuer-Transformation-von-Trueffelzeremonie_com-279x300.jpg 279w, https:\/\/www.truffelceremonie.com\/wp-content\/uploads\/2024\/12\/banner-ebook-Programm-fuer-Transformation-von-Trueffelzeremonie_com-768x825.jpg 768w, https:\/\/www.truffelceremonie.com\/wp-content\/uploads\/2024\/12\/banner-ebook-Programm-fuer-Transformation-von-Trueffelzeremonie_com-600x645.jpg 600w, https:\/\/www.truffelceremonie.com\/wp-content\/uploads\/2024\/12\/banner-ebook-Programm-fuer-Transformation-von-Trueffelzeremonie_com.jpg 1420w\" sizes=\"(max-width: 800px) 100vw, 800px\" \/>\t\t\t\t\t\t\t\t<\/a>\n\t\t\t\t\t\t\t\t\t\t\t\t\t\t\t<\/div>\n\t\t\t\t\t<\/div>\n\t\t\t\t<\/div>\n\t\t<div class=\"elementor-element elementor-element-a33cdaf e-con-full e-flex e-con e-child\" data-id=\"a33cdaf\" data-element_type=\"container\" data-e-type=\"container\">\n\t\t\t\t<div class=\"elementor-element elementor-element-cb96cbe elementor-widget elementor-widget-heading\" data-id=\"cb96cbe\" data-element_type=\"widget\" data-e-type=\"widget\" data-widget_type=\"heading.default\">\n\t\t\t\t\t<h2 class=\"elementor-heading-title elementor-size-default\">Abonnieren Sie jetzt unseren Newsletter<\/h2>\t\t\t\t<\/div>\n\t\t\t\t<div class=\"elementor-element elementor-element-a62af6a elementor-widget__width-initial elementor-widget-mobile__width-inherit elementor-widget elementor-widget-text-editor\" data-id=\"a62af6a\" data-element_type=\"widget\" data-e-type=\"widget\" data-widget_type=\"text-editor.default\">\n\t\t\t\t\t\t\t\t\t<p>Unser Newsletter wird bis zu acht Mal im Jahr verschickt.<\/p>\t\t\t\t\t\t\t\t<\/div>\n\t\t\t\t<div class=\"elementor-element elementor-element-89919eb elementor-widget__width-initial frm-con elementor-button-align-stretch elementor-widget elementor-widget-global elementor-global-65666 elementor-global-50017 elementor-widget-form\" data-id=\"89919eb\" data-element_type=\"widget\" data-e-type=\"widget\" data-settings=\"{&quot;step_next_label&quot;:&quot;N\\u00e4chste&quot;,&quot;step_previous_label&quot;:&quot;Vorherige&quot;,&quot;button_width&quot;:&quot;100&quot;,&quot;step_type&quot;:&quot;number_text&quot;,&quot;step_icon_shape&quot;:&quot;circle&quot;}\" data-widget_type=\"form.default\">\n\t\t\t\t\t\t\t<form class=\"elementor-form\" method=\"post\" name=\"Neue Form\" aria-label=\"Neue Form\">\n\t\t\t<input type=\"hidden\" name=\"post_id\" value=\"63145\"\/>\n\t\t\t<input type=\"hidden\" name=\"form_id\" value=\"89919eb\"\/>\n\t\t\t<input type=\"hidden\" name=\"referer_title\" value=\"\" \/>\n\n\t\t\t\n\t\t\t<div class=\"elementor-form-fields-wrapper elementor-labels-\">\n\t\t\t\t\t\t\t\t<div class=\"elementor-field-type-text elementor-field-group elementor-column elementor-field-group-name elementor-col-50\">\n\t\t\t\t\t\t\t\t\t\t\t\t<label for=\"form-field-name\" class=\"elementor-field-label elementor-screen-only\">\n\t\t\t\t\t\t\t\tName\t\t\t\t\t\t\t<\/label>\n\t\t\t\t\t\t\t\t\t\t\t\t\t\t<input size=\"1\" type=\"text\" name=\"form_fields[name]\" id=\"form-field-name\" class=\"elementor-field elementor-size-md  elementor-field-textual\" placeholder=\"Name\">\n\t\t\t\t\t\t\t\t\t\t\t<\/div>\n\t\t\t\t\t\t\t\t<div class=\"elementor-field-type-email elementor-field-group elementor-column elementor-field-group-email elementor-col-50 elementor-field-required\">\n\t\t\t\t\t\t\t\t\t\t\t\t<label for=\"form-field-email\" class=\"elementor-field-label elementor-screen-only\">\n\t\t\t\t\t\t\t\tE-Mail\t\t\t\t\t\t\t<\/label>\n\t\t\t\t\t\t\t\t\t\t\t\t\t\t<input size=\"1\" type=\"email\" name=\"form_fields[email]\" id=\"form-field-email\" class=\"elementor-field elementor-size-md  elementor-field-textual\" placeholder=\"E-Mail\" required=\"required\">\n\t\t\t\t\t\t\t\t\t\t\t<\/div>\n\t\t\t\t\t\t\t\t<div class=\"elementor-field-type-recaptcha elementor-field-group elementor-column elementor-field-group-field_67b35e6 elementor-col-100\">\n\t\t\t\t\t<div class=\"elementor-field\" id=\"form-field-field_67b35e6\"><div class=\"elementor-g-recaptcha\" data-sitekey=\"6LdMXL4qAAAAAAEeQpc5fUYXWDa26LyNDJKlobXB\" data-type=\"v2_checkbox\" data-theme=\"light\" data-size=\"normal\"><\/div><\/div>\t\t\t\t<\/div>\n\t\t\t\t\t\t\t\t<div class=\"elementor-field-group elementor-column elementor-field-type-submit elementor-col-100 e-form__buttons\">\n\t\t\t\t\t<button class=\"elementor-button elementor-size-sm\" type=\"submit\">\n\t\t\t\t\t\t<span class=\"elementor-button-content-wrapper\">\n\t\t\t\t\t\t\t\t\t\t\t\t\t\t\t\t\t\t\t\t\t\t<span class=\"elementor-button-text\">Versand<\/span>\n\t\t\t\t\t\t\t\t\t\t\t\t\t<\/span>\n\t\t\t\t\t<\/button>\n\t\t\t\t<\/div>\n\t\t\t<\/div>\n\t\t<\/form>\n\t\t\t\t\t\t<\/div>\n\t\t\t\t<\/div>\n\t\t\t\t<\/div>\n\t\t","protected":false},"excerpt":{"rendered":"<p>Home | Set und Setting bei einer Tr\u00fcffelzeremonie: Was Sie wissen m\u00fcssen Set und Setting bei einer Tr\u00fcffelzeremonie: Was Sie wissen m\u00fcssen Die Kulisse und der Rahmen sind entscheidende Faktoren, wenn Sie an einer psychedelischen Zeremonie teilnehmen, insbesondere wenn Sie Substanzen wie Tr\u00fcffel verwenden. Die Art und Weise, wie die physische und soziale Umgebung gestaltet [&hellip;]<\/p>\n","protected":false},"author":1,"featured_media":0,"parent":0,"menu_order":0,"comment_status":"closed","ping_status":"closed","template":"","meta":{"_joinchat":[],"footnotes":""},"class_list":["post-63145","page","type-page","status-publish","hentry"],"_links":{"self":[{"href":"https:\/\/www.truffelceremonie.com\/de\/wp-json\/wp\/v2\/pages\/63145","targetHints":{"allow":["GET"]}}],"collection":[{"href":"https:\/\/www.truffelceremonie.com\/de\/wp-json\/wp\/v2\/pages"}],"about":[{"href":"https:\/\/www.truffelceremonie.com\/de\/wp-json\/wp\/v2\/types\/page"}],"author":[{"embeddable":true,"href":"https:\/\/www.truffelceremonie.com\/de\/wp-json\/wp\/v2\/users\/1"}],"replies":[{"embeddable":true,"href":"https:\/\/www.truffelceremonie.com\/de\/wp-json\/wp\/v2\/comments?post=63145"}],"version-history":[{"count":3,"href":"https:\/\/www.truffelceremonie.com\/de\/wp-json\/wp\/v2\/pages\/63145\/revisions"}],"predecessor-version":[{"id":71382,"href":"https:\/\/www.truffelceremonie.com\/de\/wp-json\/wp\/v2\/pages\/63145\/revisions\/71382"}],"wp:attachment":[{"href":"https:\/\/www.truffelceremonie.com\/de\/wp-json\/wp\/v2\/media?parent=63145"}],"curies":[{"name":"wp","href":"https:\/\/api.w.org\/{rel}","templated":true}]}}