{"id":63524,"date":"2025-02-12T12:19:03","date_gmt":"2025-02-12T12:19:03","guid":{"rendered":"https:\/\/www.truffelceremonie.com\/pilz-tropfen\/"},"modified":"2025-07-02T07:59:31","modified_gmt":"2025-07-02T07:59:31","slug":"pilz-tropfen","status":"publish","type":"page","link":"https:\/\/www.truffelceremonie.com\/de\/pilz-tropfen\/","title":{"rendered":"Pilz Tropfen"},"content":{"rendered":"\t\t<div data-elementor-type=\"wp-page\" data-elementor-id=\"63524\" class=\"elementor elementor-63524 elementor-63491\" data-elementor-post-type=\"page\">\n\t\t\t\t<div class=\"elementor-element elementor-element-57673cb e-transform e-flex e-con-boxed e-con e-parent\" data-id=\"57673cb\" data-element_type=\"container\" data-e-type=\"container\" data-settings=\"{&quot;background_background&quot;:&quot;classic&quot;,&quot;_transform_scale_effect&quot;:{&quot;unit&quot;:&quot;px&quot;,&quot;size&quot;:&quot;&quot;,&quot;sizes&quot;:[]},&quot;_transform_scale_effect_tablet&quot;:{&quot;unit&quot;:&quot;px&quot;,&quot;size&quot;:&quot;&quot;,&quot;sizes&quot;:[]},&quot;_transform_scale_effect_mobile&quot;:{&quot;unit&quot;:&quot;px&quot;,&quot;size&quot;:&quot;&quot;,&quot;sizes&quot;:[]}}\">\n\t\t\t\t\t<div class=\"e-con-inner\">\n\t\t<div class=\"elementor-element elementor-element-af2a2e1 e-con-full e-flex e-con e-child\" data-id=\"af2a2e1\" data-element_type=\"container\" data-e-type=\"container\">\n\t\t\t\t<div class=\"elementor-element elementor-element-9e2e003 elementor-widget__width-initial hambur-text elementor-widget elementor-widget-text-editor\" data-id=\"9e2e003\" data-element_type=\"widget\" data-e-type=\"widget\" data-widget_type=\"text-editor.default\">\n\t\t\t\t\t\t\t\t\t<p><a style=\"color: white;\" href=\"https:\/\/sqeassignment.space\/truffle\/\">Home<\/a> | Pilztropfen: eine neue Art, Psilocybin zu verwenden<\/p>\t\t\t\t\t\t\t\t<\/div>\n\t\t\t\t<div class=\"elementor-element elementor-element-ea7f9ad elementor-widget elementor-widget-heading\" data-id=\"ea7f9ad\" data-element_type=\"widget\" data-e-type=\"widget\" data-widget_type=\"heading.default\">\n\t\t\t\t\t<h1 class=\"elementor-heading-title elementor-size-default\">Pilztropfen: eine neue Art von Psilocybin<\/h1>\t\t\t\t<\/div>\n\t\t\t\t<div class=\"elementor-element elementor-element-cdcb2ba elementor-widget elementor-widget-heading\" data-id=\"cdcb2ba\" data-element_type=\"widget\" data-e-type=\"widget\" data-widget_type=\"heading.default\">\n\t\t\t\t\t<h2 class=\"elementor-heading-title elementor-size-default\">N\u00fctzlich, aber illegal in den Niederlanden<\/h2>\t\t\t\t<\/div>\n\t\t\t\t<div class=\"elementor-element elementor-element-b4787ef elementor-widget__width-inherit elementor-widget-mobile__width-inherit elementor-widget elementor-widget-text-editor\" data-id=\"b4787ef\" data-element_type=\"widget\" data-e-type=\"widget\" data-widget_type=\"text-editor.default\">\n\t\t\t\t\t\t\t\t\t<p>Pilze und <a href=\"https:\/\/www.truffelceremonie.com\/de\/was-sind-psychedelische-trueffel\/\" target=\"_blank\" rel=\"noopener noreferrer\">Tr\u00fcffel<\/a> sind seit langem f\u00fcr ihre bewusstseinsver\u00e4ndernde Wirkung bekannt. Viele Menschen verwenden sie, um tiefere Einsichten zu gewinnen, die Kreativit\u00e4t zu steigern oder einfach nur, um eine besondere Erfahrung zu machen. <\/p><p>Die traditionelle Art, Zauberpilze zu konsumieren, besteht darin, sie zu essen, aber heutzutage gibt es eine neue und einfachere Alternative: die Einnahme von Pilztropfen. Allerdings ist dies nur in den Niederlanden illegal. <\/p>\t\t\t\t\t\t\t\t<\/div>\n\t\t\t\t<\/div>\n\t\t\t\t\t<\/div>\n\t\t\t\t<\/div>\n\t\t<div class=\"elementor-element elementor-element-fd9b9fc e-flex e-con-boxed e-con e-parent\" data-id=\"fd9b9fc\" data-element_type=\"container\" data-e-type=\"container\" data-settings=\"{&quot;background_background&quot;:&quot;classic&quot;}\">\n\t\t\t\t\t<div class=\"e-con-inner\">\n\t\t<div class=\"elementor-element elementor-element-f4aa735 e-con-full e-flex e-con e-child\" data-id=\"f4aa735\" data-element_type=\"container\" data-e-type=\"container\">\n\t\t\t\t<div class=\"elementor-element elementor-element-bed89e5 elementor-widget elementor-widget-video\" data-id=\"bed89e5\" data-element_type=\"widget\" data-e-type=\"widget\" data-settings=\"{&quot;youtube_url&quot;:&quot;https:\\\/\\\/youtu.be\\\/9WEZqWymQas&quot;,&quot;video_type&quot;:&quot;youtube&quot;,&quot;controls&quot;:&quot;yes&quot;}\" data-widget_type=\"video.default\">\n\t\t\t\t\t\t\t<div class=\"elementor-wrapper elementor-open-inline\">\n\t\t\t<div class=\"elementor-video\"><\/div>\t\t<\/div>\n\t\t\t\t\t\t<\/div>\n\t\t\t\t<\/div>\n\t\t<div class=\"elementor-element elementor-element-b5c8210 e-con-full e-flex e-con e-child\" data-id=\"b5c8210\" data-element_type=\"container\" data-e-type=\"container\">\n\t\t\t\t<div class=\"elementor-element elementor-element-255e94f elementor-widget elementor-widget-text-editor\" data-id=\"255e94f\" data-element_type=\"widget\" data-e-type=\"widget\" data-widget_type=\"text-editor.default\">\n\t\t\t\t\t\t\t\t\t<p>Diese Tropfen enthalten <a href=\"https:\/\/www.truffelceremonie.com\/de\/psilocybin-der-wirkstoff-in-trueffeln\/\" target=\"_blank\" rel=\"noopener noreferrer\">Psilocybin<\/a>, den Wirkstoff in Zauberpilzen und Tr\u00fcffeln. Psilocybin ist f\u00fcr seine halluzinogenen und bewusstseinsver\u00e4ndernden Wirkungen bekannt. Anstatt die Pilze selbst zu essen, k\u00f6nnen Sie mit Magic Mushroom Drops sehr genau dosieren und die St\u00e4rke Ihres Trips besser kontrollieren. Daher sind sie besonders bei Menschen beliebt, die vorsichtig mit <a href=\"https:\/\/www.truffelceremonie.com\/de\/psychedelika-welche-arten-und-wirkungen\/\" target=\"_blank\" rel=\"noopener noreferrer\">Psychedelika<\/a> experimentieren m\u00f6chten.   <\/p>\t\t\t\t\t\t\t\t<\/div>\n\t\t\t\t<\/div>\n\t\t\t\t\t<\/div>\n\t\t\t\t<\/div>\n\t\t<div class=\"elementor-element elementor-element-fb19ec9 e-flex e-con-boxed e-con e-parent\" data-id=\"fb19ec9\" data-element_type=\"container\" data-e-type=\"container\">\n\t\t\t\t\t<div class=\"e-con-inner\">\n\t\t<div class=\"elementor-element elementor-element-1f66aed e-con-full e-flex e-con e-child\" data-id=\"1f66aed\" data-element_type=\"container\" data-e-type=\"container\">\n\t\t\t\t<div class=\"elementor-element elementor-element-acc2842 elementor-widget elementor-widget-heading\" data-id=\"acc2842\" data-element_type=\"widget\" data-e-type=\"widget\" data-widget_type=\"heading.default\">\n\t\t\t\t\t<h2 class=\"elementor-heading-title elementor-size-default\">Wie funktionieren die Pilztropfen?<\/h2>\t\t\t\t<\/div>\n\t\t\t\t<div class=\"elementor-element elementor-element-2193c99 elementor-widget elementor-widget-text-editor\" data-id=\"2193c99\" data-element_type=\"widget\" data-e-type=\"widget\" data-widget_type=\"text-editor.default\">\n\t\t\t\t\t\t\t\t\t<p>Pilztropfen werden in der Regel in kleinen Fl\u00e4schchen mit einer Pipette verkauft, so dass Sie die Dosierung leicht an Ihre Erfahrung anpassen k\u00f6nnen. Ein Euro f\u00fcr ein Fl\u00e4schchen ist nat\u00fcrlich unrealistisch, da diese Produkte aufgrund ihrer Wirkstoffe und Produktionskosten oft teurer sind. <\/p><p>Da die Tropfen Psilocybin enthalten, wirken sie auf die gleiche Weise wie normale Zauberpilze oder Tr\u00fcffel. Nach der Einnahme setzt die Wirkung normalerweise innerhalb von 30 bis 60 Minuten ein. Die Wirkung von Magic Mushrooms kann von leichter Euphorie bis hin zu tiefen, visuellen und emotionalen Erfahrungen reichen. Sie h\u00e4ngt von der Dosis, Ihrer Stimmung und der Umgebung ab, in der Sie die Tropfen konsumieren.   <\/p>\t\t\t\t\t\t\t\t<\/div>\n\t\t\t\t<\/div>\n\t\t\t\t\t<\/div>\n\t\t\t\t<\/div>\n\t\t<div class=\"elementor-element elementor-element-a4cfbe9 e-flex e-con-boxed e-con e-parent\" data-id=\"a4cfbe9\" data-element_type=\"container\" data-e-type=\"container\" data-settings=\"{&quot;background_background&quot;:&quot;classic&quot;}\">\n\t\t\t\t\t<div class=\"e-con-inner\">\n\t\t<div class=\"elementor-element elementor-element-b379b31 e-con-full e-flex e-con e-child\" data-id=\"b379b31\" data-element_type=\"container\" data-e-type=\"container\">\n\t\t\t\t<div class=\"elementor-element elementor-element-13d037e elementor-widget elementor-widget-heading\" data-id=\"13d037e\" data-element_type=\"widget\" data-e-type=\"widget\" data-widget_type=\"heading.default\">\n\t\t\t\t\t<h2 class=\"elementor-heading-title elementor-size-default\">Pilztropfen beim Ausgehen<\/h2>\t\t\t\t<\/div>\n\t\t\t\t<div class=\"elementor-element elementor-element-259488d elementor-widget__width-initial elementor-widget-mobile__width-inherit elementor-widget elementor-widget-text-editor\" data-id=\"259488d\" data-element_type=\"widget\" data-e-type=\"widget\" data-widget_type=\"text-editor.default\">\n\t\t\t\t\t\t\t\t\t<p>Manche Menschen verwenden Magic Mushroom Drops beim Ausgehen, um eine besondere und intensive Erfahrung zu machen. Da die Tropfen einfacher zu dosieren sind als normale Magic Mushrooms, scheinen sie eine attraktive Option f\u00fcr diejenigen zu sein, die ein leichtes psychedelisches Erlebnis haben wollen, ohne v\u00f6llig von dieser Welt zu sein. <\/p><p>Dennoch ist Vorsicht geboten. \u00dcberf\u00fcllte und chaotische Umgebungen k\u00f6nnen unter dem Einfluss von Psilocybin \u00fcberw\u00e4ltigend sein, besonders wenn der Trip intensiver ausf\u00e4llt als erwartet. W\u00e4hrend einige Konsumenten es als eine fast magische Erfahrung beschreiben, bei der Musik und Lichter besonders intensiv sind, kann es f\u00fcr andere tats\u00e4chlich zu viel werden. Es lauert ein <a href=\"https:\/\/www.truffelceremonie.com\/bad-trip\/\" target=\"_blank\" rel=\"noopener noreferrer\">schlechter Trip<\/a>.   <\/p>\t\t\t\t\t\t\t\t<\/div>\n\t\t\t\t<div class=\"elementor-element elementor-element-fcfa3f5 elementor-align-center elementor-widget elementor-widget-button\" data-id=\"fcfa3f5\" data-element_type=\"widget\" data-e-type=\"widget\" data-widget_type=\"button.default\">\n\t\t\t\t\t\t\t\t\t\t<a class=\"elementor-button elementor-button-link elementor-size-sm\" href=\"https:\/\/www.truffelceremonie.com\/de\/preise-buchung-trueffel-zeremonie\/\">\n\t\t\t\t\t\t<span class=\"elementor-button-content-wrapper\">\n\t\t\t\t\t\t\t\t\t<span class=\"elementor-button-text\">Buchen Sie Ihre Tr\u00fcffelzeremonie hier!<\/span>\n\t\t\t\t\t<\/span>\n\t\t\t\t\t<\/a>\n\t\t\t\t\t\t\t\t<\/div>\n\t\t\t\t<\/div>\n\t\t\t\t\t<\/div>\n\t\t\t\t<\/div>\n\t\t<div class=\"elementor-element elementor-element-73c48fc e-flex e-con-boxed e-con e-parent\" data-id=\"73c48fc\" data-element_type=\"container\" data-e-type=\"container\">\n\t\t\t\t\t<div class=\"e-con-inner\">\n\t\t<div class=\"elementor-element elementor-element-52518c4 e-con-full e-flex e-con e-child\" data-id=\"52518c4\" data-element_type=\"container\" data-e-type=\"container\">\n\t\t\t\t<div class=\"elementor-element elementor-element-127020c elementor-widget elementor-widget-heading\" data-id=\"127020c\" data-element_type=\"widget\" data-e-type=\"widget\" data-widget_type=\"heading.default\">\n\t\t\t\t\t<h2 class=\"elementor-heading-title elementor-size-default\">Die Risiken von Magic Mushroom Drops<\/h2>\t\t\t\t<\/div>\n\t\t\t\t<div class=\"elementor-element elementor-element-3c99cda elementor-widget elementor-widget-text-editor\" data-id=\"3c99cda\" data-element_type=\"widget\" data-e-type=\"widget\" data-widget_type=\"text-editor.default\">\n\t\t\t\t\t\t\t\t\t<p>Wie bei normalen Magic Mushrooms und Tr\u00fcffeln gibt es auch beim Konsum von Magic Mushroom Drops Risiken. Eines der gr\u00f6\u00dften Risiken ist ein schlechter Trip, bei dem eine Person Angst, Verwirrung oder Panik erlebt. Dies ist wahrscheinlicher, wenn Sie in schlechter Stimmung sind oder Ihre Umgebung nicht angenehm ist.  <\/p><p>Es ist auch wichtig, Magic Mushroom Drops nicht mit Alkohol oder anderen Drogen zu kombinieren, da dies unvorhersehbare und manchmal gef\u00e4hrliche Auswirkungen haben kann. Au\u00dferdem ist es ratsam, immer einen <a href=\"https:\/\/www.truffelceremonie.com\/de\/trip-sitter\/\" target=\"_blank\" rel=\"noopener noreferrer\">Tripsitter<\/a> dabei zu haben, jemanden, der n\u00fcchtern bleibt und Sie unterst\u00fctzen kann, wenn die Erfahrung zu intensiv wird. <\/p>\t\t\t\t\t\t\t\t<\/div>\n\t\t\t\t<\/div>\n\t\t\t\t\t<\/div>\n\t\t\t\t<\/div>\n\t\t<div class=\"elementor-element elementor-element-828f1dc e-flex e-con-boxed e-con e-parent\" data-id=\"828f1dc\" data-element_type=\"container\" data-e-type=\"container\">\n\t\t\t\t\t<div class=\"e-con-inner\">\n\t\t<div class=\"elementor-element elementor-element-fda8875 e-con-full e-flex e-con e-child\" data-id=\"fda8875\" data-element_type=\"container\" data-e-type=\"container\">\n\t\t\t\t<div class=\"elementor-element elementor-element-894b469 elementor-widget elementor-widget-heading\" data-id=\"894b469\" data-element_type=\"widget\" data-e-type=\"widget\" data-widget_type=\"heading.default\">\n\t\t\t\t\t<h2 class=\"elementor-heading-title elementor-size-default\">Wie f\u00fchlt sich ein Trip mit Magic Mushroom Drops an?<\/h2>\t\t\t\t<\/div>\n\t\t\t\t<div class=\"elementor-element elementor-element-b6c599c elementor-widget elementor-widget-text-editor\" data-id=\"b6c599c\" data-element_type=\"widget\" data-e-type=\"widget\" data-widget_type=\"text-editor.default\">\n\t\t\t\t\t\t\t\t\t<p>Ein Trip mit Magic Mushroom Drops ist einem gew\u00f6hnlichen Pilzerlebnis sehr \u00e4hnlich. Viele Nutzer berichten von tiefen Einsichten, starken Emotionen und intensiven visuellen Effekten. Farben k\u00f6nnen heller erscheinen, Muster k\u00f6nnen sich bewegen und die Zeit kann sich anders anf\u00fchlen. F\u00fcr einige f\u00fchlt es sich wie eine spirituelle Reise an, w\u00e4hrend andere einfach die gl\u00fcckliche und kreative Stimmung genie\u00dfen.   <\/p><p>Ganz gleich, ob Sie Magic Mushroom Drops zur Selbsterkenntnis, zum Spa\u00df oder f\u00fcr ein einzigartiges Erlebnis verwenden, es ist immer wichtig, gut vorbereitet zu sein. Kennen Sie Ihre Grenzen, sorgen Sie f\u00fcr eine sichere Umgebung und respektieren Sie die Wirkung von Psilocybin. So k\u00f6nnen Sie sicherstellen, dass Sie ein angenehmes und besonderes Erlebnis ohne unn\u00f6tige Risiken haben.  <\/p>\t\t\t\t\t\t\t\t<\/div>\n\t\t\t\t<\/div>\n\t\t\t\t\t<\/div>\n\t\t\t\t<\/div>\n\t\t<div class=\"elementor-element elementor-element-da720df e-flex e-con-boxed e-con e-parent\" data-id=\"da720df\" data-element_type=\"container\" data-e-type=\"container\" data-settings=\"{&quot;background_background&quot;:&quot;classic&quot;}\">\n\t\t\t\t\t<div class=\"e-con-inner\">\n\t\t<div class=\"elementor-element elementor-element-0114f45 e-con-full e-flex e-con e-child\" data-id=\"0114f45\" data-element_type=\"container\" data-e-type=\"container\">\n\t\t\t\t<div class=\"elementor-element elementor-element-a2fb677 elementor-widget elementor-widget-image\" data-id=\"a2fb677\" data-element_type=\"widget\" data-e-type=\"widget\" data-widget_type=\"image.default\">\n\t\t\t\t\t\t\t\t\t\t\t\t\t\t\t<img fetchpriority=\"high\" decoding=\"async\" width=\"800\" height=\"860\" src=\"https:\/\/www.truffelceremonie.com\/wp-content\/uploads\/2024\/12\/banner-ebook-Programm-fuer-Transformation-von-Trueffelzeremonie_com-953x1024.jpg\" class=\"attachment-large size-large wp-image-44028\" alt=\"Programm f\u00fcr Transformation\" srcset=\"https:\/\/www.truffelceremonie.com\/wp-content\/uploads\/2024\/12\/banner-ebook-Programm-fuer-Transformation-von-Trueffelzeremonie_com-953x1024.jpg 953w, https:\/\/www.truffelceremonie.com\/wp-content\/uploads\/2024\/12\/banner-ebook-Programm-fuer-Transformation-von-Trueffelzeremonie_com-279x300.jpg 279w, https:\/\/www.truffelceremonie.com\/wp-content\/uploads\/2024\/12\/banner-ebook-Programm-fuer-Transformation-von-Trueffelzeremonie_com-768x825.jpg 768w, https:\/\/www.truffelceremonie.com\/wp-content\/uploads\/2024\/12\/banner-ebook-Programm-fuer-Transformation-von-Trueffelzeremonie_com-600x645.jpg 600w, https:\/\/www.truffelceremonie.com\/wp-content\/uploads\/2024\/12\/banner-ebook-Programm-fuer-Transformation-von-Trueffelzeremonie_com.jpg 1420w\" sizes=\"(max-width: 800px) 100vw, 800px\" \/>\t\t\t\t\t\t\t\t\t\t\t\t\t\t\t<\/div>\n\t\t\t\t<\/div>\n\t\t<div class=\"elementor-element elementor-element-e9bc505 e-con-full e-flex e-con e-child\" data-id=\"e9bc505\" data-element_type=\"container\" data-e-type=\"container\">\n\t\t\t\t<div class=\"elementor-element elementor-element-fe3fa4b elementor-widget elementor-widget-heading\" data-id=\"fe3fa4b\" data-element_type=\"widget\" data-e-type=\"widget\" data-widget_type=\"heading.default\">\n\t\t\t\t\t<h2 class=\"elementor-heading-title elementor-size-default\">M\u00f6chten Sie das eBook zum Programm f\u00fcr Transformation kostenlos herunterladen?<\/h2>\t\t\t\t<\/div>\n\t\t\t\t<div class=\"elementor-element elementor-element-f20b757 elementor-widget elementor-widget-text-editor\" data-id=\"f20b757\" data-element_type=\"widget\" data-e-type=\"widget\" data-widget_type=\"text-editor.default\">\n\t\t\t\t\t\t\t\t\t<p>Geben Sie hier Ihre Daten ein und laden Sie sofort das eBook zum Programm f\u00fcr Transformation von Tr\u00fcffelzeremonie.com herunter.<\/p>\t\t\t\t\t\t\t\t<\/div>\n\t\t\t\t<div class=\"elementor-element elementor-element-5f7283a elementor-widget__width-initial frm-con elementor-button-align-stretch elementor-widget elementor-widget-global elementor-global-58427 elementor-global-49977 elementor-widget-form\" data-id=\"5f7283a\" data-element_type=\"widget\" data-e-type=\"widget\" data-settings=\"{&quot;step_next_label&quot;:&quot;N\\u00e4chste&quot;,&quot;step_previous_label&quot;:&quot;Vorherige&quot;,&quot;button_width&quot;:&quot;100&quot;,&quot;step_type&quot;:&quot;number_text&quot;,&quot;step_icon_shape&quot;:&quot;circle&quot;}\" data-widget_type=\"form.default\">\n\t\t\t\t\t\t\t<form class=\"elementor-form\" method=\"post\" name=\"Neue Form\" aria-label=\"Neue Form\">\n\t\t\t<input type=\"hidden\" name=\"post_id\" value=\"63524\"\/>\n\t\t\t<input type=\"hidden\" name=\"form_id\" value=\"5f7283a\"\/>\n\t\t\t<input type=\"hidden\" name=\"referer_title\" value=\"\" \/>\n\n\t\t\t\n\t\t\t<div class=\"elementor-form-fields-wrapper elementor-labels-\">\n\t\t\t\t\t\t\t\t<div class=\"elementor-field-type-text elementor-field-group elementor-column elementor-field-group-name elementor-col-50\">\n\t\t\t\t\t\t\t\t\t\t\t\t\t<input size=\"1\" type=\"text\" name=\"form_fields[name]\" id=\"form-field-name\" class=\"elementor-field elementor-size-md  elementor-field-textual\" placeholder=\"Name\">\n\t\t\t\t\t\t\t\t\t\t\t<\/div>\n\t\t\t\t\t\t\t\t<div class=\"elementor-field-type-email elementor-field-group elementor-column elementor-field-group-email elementor-col-50 elementor-field-required\">\n\t\t\t\t\t\t\t\t\t\t\t\t\t<input size=\"1\" type=\"email\" name=\"form_fields[email]\" id=\"form-field-email\" class=\"elementor-field elementor-size-md  elementor-field-textual\" placeholder=\"E-Mail\" required=\"required\">\n\t\t\t\t\t\t\t\t\t\t\t<\/div>\n\t\t\t\t\t\t\t\t<div class=\"elementor-field-type-recaptcha elementor-field-group elementor-column elementor-field-group-field_9ecc503 elementor-col-100\">\n\t\t\t\t\t<div class=\"elementor-field\" id=\"form-field-field_9ecc503\"><div class=\"elementor-g-recaptcha\" data-sitekey=\"6LdMXL4qAAAAAAEeQpc5fUYXWDa26LyNDJKlobXB\" data-type=\"v2_checkbox\" data-theme=\"light\" data-size=\"normal\"><\/div><\/div>\t\t\t\t<\/div>\n\t\t\t\t\t\t\t\t<div class=\"elementor-field-group elementor-column elementor-field-type-submit elementor-col-100 e-form__buttons\">\n\t\t\t\t\t<button class=\"elementor-button elementor-size-sm\" type=\"submit\">\n\t\t\t\t\t\t<span class=\"elementor-button-content-wrapper\">\n\t\t\t\t\t\t\t\t\t\t\t\t\t\t\t\t\t\t\t\t\t\t<span class=\"elementor-button-text\">Herunterladen<\/span>\n\t\t\t\t\t\t\t\t\t\t\t\t\t<\/span>\n\t\t\t\t\t<\/button>\n\t\t\t\t<\/div>\n\t\t\t<\/div>\n\t\t<\/form>\n\t\t\t\t\t\t<\/div>\n\t\t\t\t<\/div>\n\t\t\t\t\t<\/div>\n\t\t\t\t<\/div>\n\t\t<div class=\"elementor-element elementor-element-eeff1f1 e-con-full e-flex e-con e-child\" data-id=\"eeff1f1\" data-element_type=\"container\" data-e-type=\"container\">\n\t\t\t\t<div class=\"elementor-element elementor-element-8878d96 elementor-widget elementor-widget-heading\" data-id=\"8878d96\" data-element_type=\"widget\" data-e-type=\"widget\" data-widget_type=\"heading.default\">\n\t\t\t\t\t<h2 class=\"elementor-heading-title elementor-size-default\">Abonnieren Sie jetzt unseren Newsletter<\/h2>\t\t\t\t<\/div>\n\t\t\t\t<div class=\"elementor-element elementor-element-4687720 elementor-widget__width-initial elementor-widget-mobile__width-inherit elementor-widget elementor-widget-text-editor\" data-id=\"4687720\" data-element_type=\"widget\" data-e-type=\"widget\" data-widget_type=\"text-editor.default\">\n\t\t\t\t\t\t\t\t\t<p>Unser Newsletter wird bis zu acht Mal im Jahr verschickt.<\/p>\t\t\t\t\t\t\t\t<\/div>\n\t\t\t\t<div class=\"elementor-element elementor-element-07e0289 elementor-widget__width-initial frm-con elementor-button-align-stretch elementor-widget elementor-widget-global elementor-global-65666 elementor-global-50017 elementor-widget-form\" data-id=\"07e0289\" data-element_type=\"widget\" data-e-type=\"widget\" data-settings=\"{&quot;step_next_label&quot;:&quot;N\\u00e4chste&quot;,&quot;step_previous_label&quot;:&quot;Vorherige&quot;,&quot;button_width&quot;:&quot;100&quot;,&quot;step_type&quot;:&quot;number_text&quot;,&quot;step_icon_shape&quot;:&quot;circle&quot;}\" data-widget_type=\"form.default\">\n\t\t\t\t\t\t\t<form class=\"elementor-form\" method=\"post\" name=\"Neue Form\" aria-label=\"Neue Form\">\n\t\t\t<input type=\"hidden\" name=\"post_id\" value=\"63524\"\/>\n\t\t\t<input type=\"hidden\" name=\"form_id\" value=\"07e0289\"\/>\n\t\t\t<input type=\"hidden\" name=\"referer_title\" value=\"\" \/>\n\n\t\t\t\n\t\t\t<div class=\"elementor-form-fields-wrapper elementor-labels-\">\n\t\t\t\t\t\t\t\t<div class=\"elementor-field-type-text elementor-field-group elementor-column elementor-field-group-name elementor-col-50\">\n\t\t\t\t\t\t\t\t\t\t\t\t<label for=\"form-field-name\" class=\"elementor-field-label elementor-screen-only\">\n\t\t\t\t\t\t\t\tName\t\t\t\t\t\t\t<\/label>\n\t\t\t\t\t\t\t\t\t\t\t\t\t\t<input size=\"1\" type=\"text\" name=\"form_fields[name]\" id=\"form-field-name\" class=\"elementor-field elementor-size-md  elementor-field-textual\" placeholder=\"Name\">\n\t\t\t\t\t\t\t\t\t\t\t<\/div>\n\t\t\t\t\t\t\t\t<div class=\"elementor-field-type-email elementor-field-group elementor-column elementor-field-group-email elementor-col-50 elementor-field-required\">\n\t\t\t\t\t\t\t\t\t\t\t\t<label for=\"form-field-email\" class=\"elementor-field-label elementor-screen-only\">\n\t\t\t\t\t\t\t\tE-Mail\t\t\t\t\t\t\t<\/label>\n\t\t\t\t\t\t\t\t\t\t\t\t\t\t<input size=\"1\" type=\"email\" name=\"form_fields[email]\" id=\"form-field-email\" class=\"elementor-field elementor-size-md  elementor-field-textual\" placeholder=\"E-Mail\" required=\"required\">\n\t\t\t\t\t\t\t\t\t\t\t<\/div>\n\t\t\t\t\t\t\t\t<div class=\"elementor-field-type-recaptcha elementor-field-group elementor-column elementor-field-group-field_67b35e6 elementor-col-100\">\n\t\t\t\t\t<div class=\"elementor-field\" id=\"form-field-field_67b35e6\"><div class=\"elementor-g-recaptcha\" data-sitekey=\"6LdMXL4qAAAAAAEeQpc5fUYXWDa26LyNDJKlobXB\" data-type=\"v2_checkbox\" data-theme=\"light\" data-size=\"normal\"><\/div><\/div>\t\t\t\t<\/div>\n\t\t\t\t\t\t\t\t<div class=\"elementor-field-group elementor-column elementor-field-type-submit elementor-col-100 e-form__buttons\">\n\t\t\t\t\t<button class=\"elementor-button elementor-size-sm\" type=\"submit\">\n\t\t\t\t\t\t<span class=\"elementor-button-content-wrapper\">\n\t\t\t\t\t\t\t\t\t\t\t\t\t\t\t\t\t\t\t\t\t\t<span class=\"elementor-button-text\">Versand<\/span>\n\t\t\t\t\t\t\t\t\t\t\t\t\t<\/span>\n\t\t\t\t\t<\/button>\n\t\t\t\t<\/div>\n\t\t\t<\/div>\n\t\t<\/form>\n\t\t\t\t\t\t<\/div>\n\t\t\t\t<\/div>\n\t\t\t\t<\/div>\n\t\t","protected":false},"excerpt":{"rendered":"<p>Home | Pilztropfen: eine neue Art, Psilocybin zu verwenden Pilztropfen: eine neue Art von Psilocybin N\u00fctzlich, aber illegal in den Niederlanden Pilze und Tr\u00fcffel sind seit langem f\u00fcr ihre bewusstseinsver\u00e4ndernde Wirkung bekannt. Viele Menschen verwenden sie, um tiefere Einsichten zu gewinnen, die Kreativit\u00e4t zu steigern oder einfach nur, um eine besondere Erfahrung zu machen. Die [&hellip;]<\/p>\n","protected":false},"author":1,"featured_media":0,"parent":0,"menu_order":0,"comment_status":"closed","ping_status":"closed","template":"","meta":{"_joinchat":[],"footnotes":""},"class_list":["post-63524","page","type-page","status-publish","hentry"],"_links":{"self":[{"href":"https:\/\/www.truffelceremonie.com\/de\/wp-json\/wp\/v2\/pages\/63524","targetHints":{"allow":["GET"]}}],"collection":[{"href":"https:\/\/www.truffelceremonie.com\/de\/wp-json\/wp\/v2\/pages"}],"about":[{"href":"https:\/\/www.truffelceremonie.com\/de\/wp-json\/wp\/v2\/types\/page"}],"author":[{"embeddable":true,"href":"https:\/\/www.truffelceremonie.com\/de\/wp-json\/wp\/v2\/users\/1"}],"replies":[{"embeddable":true,"href":"https:\/\/www.truffelceremonie.com\/de\/wp-json\/wp\/v2\/comments?post=63524"}],"version-history":[{"count":1,"href":"https:\/\/www.truffelceremonie.com\/de\/wp-json\/wp\/v2\/pages\/63524\/revisions"}],"predecessor-version":[{"id":63544,"href":"https:\/\/www.truffelceremonie.com\/de\/wp-json\/wp\/v2\/pages\/63524\/revisions\/63544"}],"wp:attachment":[{"href":"https:\/\/www.truffelceremonie.com\/de\/wp-json\/wp\/v2\/media?parent=63524"}],"curies":[{"name":"wp","href":"https:\/\/api.w.org\/{rel}","templated":true}]}}