{"id":64045,"date":"2025-02-14T05:53:30","date_gmt":"2025-02-14T05:53:30","guid":{"rendered":"https:\/\/www.truffelceremonie.com\/paddy-faellt\/"},"modified":"2025-07-02T07:59:39","modified_gmt":"2025-07-02T07:59:39","slug":"paddy-faellt","status":"publish","type":"page","link":"https:\/\/www.truffelceremonie.com\/de\/paddy-faellt\/","title":{"rendered":"Paddy f\u00e4llt"},"content":{"rendered":"\t\t<div data-elementor-type=\"wp-page\" data-elementor-id=\"64045\" class=\"elementor elementor-64045 elementor-63701\" data-elementor-post-type=\"page\">\n\t\t\t\t<div class=\"elementor-element elementor-element-37dc1a1 e-transform e-flex e-con-boxed e-con e-parent\" data-id=\"37dc1a1\" data-element_type=\"container\" data-e-type=\"container\" data-settings=\"{&quot;background_background&quot;:&quot;classic&quot;,&quot;_transform_scale_effect&quot;:{&quot;unit&quot;:&quot;px&quot;,&quot;size&quot;:&quot;&quot;,&quot;sizes&quot;:[]},&quot;_transform_scale_effect_tablet&quot;:{&quot;unit&quot;:&quot;px&quot;,&quot;size&quot;:&quot;&quot;,&quot;sizes&quot;:[]},&quot;_transform_scale_effect_mobile&quot;:{&quot;unit&quot;:&quot;px&quot;,&quot;size&quot;:&quot;&quot;,&quot;sizes&quot;:[]}}\">\n\t\t\t\t\t<div class=\"e-con-inner\">\n\t\t<div class=\"elementor-element elementor-element-47280a0 e-con-full e-flex e-con e-child\" data-id=\"47280a0\" data-element_type=\"container\" data-e-type=\"container\">\n\t\t\t\t<div class=\"elementor-element elementor-element-7d6f601 elementor-widget__width-initial hambur-text elementor-widget elementor-widget-text-editor\" data-id=\"7d6f601\" data-element_type=\"widget\" data-e-type=\"widget\" data-widget_type=\"text-editor.default\">\n\t\t\t\t\t\t\t\t\t<p><a style=\"color: white;\" href=\"https:\/\/sqeassignment.space\/truffle\/\">Home<\/a> | Paddy Drops: Was sind sie und sind sie legal?<\/p>\t\t\t\t\t\t\t\t<\/div>\n\t\t\t\t<div class=\"elementor-element elementor-element-3fa917a elementor-widget elementor-widget-heading\" data-id=\"3fa917a\" data-element_type=\"widget\" data-e-type=\"widget\" data-widget_type=\"heading.default\">\n\t\t\t\t\t<h1 class=\"elementor-heading-title elementor-size-default\">Kr\u00f6tentropfen: Was sind sie und sind sie legal?<\/h1>\t\t\t\t<\/div>\n\t\t\t\t<div class=\"elementor-element elementor-element-4c29a52 elementor-widget elementor-widget-heading\" data-id=\"4c29a52\" data-element_type=\"widget\" data-e-type=\"widget\" data-widget_type=\"heading.default\">\n\t\t\t\t\t<h2 class=\"elementor-heading-title elementor-size-default\">F\u00fcr den Fall, dass Sie Ihr Leben wirklich verbessern wollen<\/h2>\t\t\t\t<\/div>\n\t\t\t\t<div class=\"elementor-element elementor-element-44dbca4 elementor-widget__width-inherit elementor-widget-mobile__width-inherit elementor-widget elementor-widget-text-editor\" data-id=\"44dbca4\" data-element_type=\"widget\" data-e-type=\"widget\" data-widget_type=\"text-editor.default\">\n\t\t\t\t\t\t\t\t\t<p>Pilztropfen sind eine relativ neue Art, psychedelische Substanzen zu konsumieren. Anstatt <a href=\"https:\/\/www.truffelceremonie.com\/de\/unterschied-zwischen-trueffeln-und-zauberpilzen\/\" target=\"_blank\" rel=\"noopener noreferrer\">getrocknete Pilze<\/a> und <a href=\"https:\/\/www.truffelceremonie.com\/de\/trueffel-vor-denen-man-sich-nicht-fuerchten-muss\/\" target=\"_blank\" rel=\"noopener noreferrer\">Tr\u00fcffel<\/a> zu essen, verwenden manche Menschen fl\u00fcssige Extrakte, die <a href=\"https:\/\/www.truffelceremonie.com\/de\/psilocybin-der-wirkstoff-in-trueffeln\/\" target=\"_blank\" rel=\"noopener noreferrer\">Psilocybin<\/a> enthalten. Dies erm\u00f6glicht eine einfachere und besser dosierbare Einnahme. Aber welche Wirkung haben Pilze in Tropfenform? Und, was noch wichtiger ist, sind Pilztropfen in den Niederlanden legal?    <\/p>\t\t\t\t\t\t\t\t<\/div>\n\t\t\t\t<\/div>\n\t\t\t\t\t<\/div>\n\t\t\t\t<\/div>\n\t\t<div class=\"elementor-element elementor-element-f937fa7 e-flex e-con-boxed e-con e-parent\" data-id=\"f937fa7\" data-element_type=\"container\" data-e-type=\"container\" data-settings=\"{&quot;background_background&quot;:&quot;classic&quot;}\">\n\t\t\t\t\t<div class=\"e-con-inner\">\n\t\t<div class=\"elementor-element elementor-element-81db9ec e-con-full e-flex e-con e-child\" data-id=\"81db9ec\" data-element_type=\"container\" data-e-type=\"container\">\n\t\t\t\t<div class=\"elementor-element elementor-element-cac73f6 elementor-widget elementor-widget-video\" data-id=\"cac73f6\" data-element_type=\"widget\" data-e-type=\"widget\" data-settings=\"{&quot;youtube_url&quot;:&quot;https:\\\/\\\/youtu.be\\\/9WEZqWymQas&quot;,&quot;video_type&quot;:&quot;youtube&quot;,&quot;controls&quot;:&quot;yes&quot;}\" data-widget_type=\"video.default\">\n\t\t\t\t\t\t\t<div class=\"elementor-wrapper elementor-open-inline\">\n\t\t\t<div class=\"elementor-video\"><\/div>\t\t<\/div>\n\t\t\t\t\t\t<\/div>\n\t\t\t\t<\/div>\n\t\t<div class=\"elementor-element elementor-element-264247f e-con-full e-flex e-con e-child\" data-id=\"264247f\" data-element_type=\"container\" data-e-type=\"container\">\n\t\t\t\t<div class=\"elementor-element elementor-element-7854284 elementor-widget elementor-widget-heading\" data-id=\"7854284\" data-element_type=\"widget\" data-e-type=\"widget\" data-widget_type=\"heading.default\">\n\t\t\t\t\t<h2 class=\"elementor-heading-title elementor-size-default\">Was sind Kr\u00f6tentropfen?<\/h2>\t\t\t\t<\/div>\n\t\t\t\t<div class=\"elementor-element elementor-element-32ef86f elementor-widget elementor-widget-text-editor\" data-id=\"32ef86f\" data-element_type=\"widget\" data-e-type=\"widget\" data-widget_type=\"text-editor.default\">\n\t\t\t\t\t\t\t\t\t<p>Pilztropfen sind fl\u00fcssige Extrakte aus Zauberpilzen oder Tr\u00fcffeln. Sie enthalten die Wirkstoffe Psilocybin und Psilocin, die f\u00fcr die <a href=\"https:\/\/www.truffelceremonie.com\/de\/halluzinogene-wirkungen\/\" target=\"_blank\" rel=\"noopener noreferrer\">halluzinogenen Effekte<\/a> verantwortlich sind. Diese Tropfen werden normalerweise unter die Zunge getr\u00e4ufelt oder mit einem Getr\u00e4nk vermischt. Dadurch l\u00e4sst sich die Dosierung im Vergleich zu getrockneten Pilzen und Tr\u00fcffeln leichter kontrollieren.   <\/p><p>Viele Anwender berichten, dass die Pilztropfen schneller und sanfter ansteigen als herk\u00f6mmliche Pilze. Dadurch k\u00f6nnen sie besser auf pers\u00f6nliche Vorlieben und Empfindlichkeiten abgestimmt werden. <\/p>\t\t\t\t\t\t\t\t<\/div>\n\t\t\t\t<\/div>\n\t\t\t\t\t<\/div>\n\t\t\t\t<\/div>\n\t\t<div class=\"elementor-element elementor-element-b54ca0d e-flex e-con-boxed e-con e-parent\" data-id=\"b54ca0d\" data-element_type=\"container\" data-e-type=\"container\">\n\t\t\t\t\t<div class=\"e-con-inner\">\n\t\t<div class=\"elementor-element elementor-element-580558a e-con-full e-flex e-con e-child\" data-id=\"580558a\" data-element_type=\"container\" data-e-type=\"container\">\n\t\t\t\t<div class=\"elementor-element elementor-element-09701cb elementor-widget elementor-widget-heading\" data-id=\"09701cb\" data-element_type=\"widget\" data-e-type=\"widget\" data-widget_type=\"heading.default\">\n\t\t\t\t\t<h2 class=\"elementor-heading-title elementor-size-default\">Sind Pilztropfen legal?<\/h2>\t\t\t\t<\/div>\n\t\t\t\t<div class=\"elementor-element elementor-element-4a5343c elementor-widget elementor-widget-text-editor\" data-id=\"4a5343c\" data-element_type=\"widget\" data-e-type=\"widget\" data-widget_type=\"text-editor.default\">\n\t\t\t\t\t\t\t\t\t<p>Es ist wichtig zu wissen, dass Produkte, die Psilocybin enthalten, in den Niederlanden unter das Opiumgesetz fallen. Seit 2008 sind <a href=\"https:\/\/www.truffelceremonie.com\/de\/pilze-verboten\/\" target=\"_blank\" rel=\"noopener noreferrer\">Magic Mushrooms verboten<\/a> und damit auch die aus Magic Mushrooms hergestellten Pilztropfen. Ihr Verkauf und Besitz ist daher illegal.  <\/p><p>Es gibt jedoch einen wichtigen Unterschied: Tr\u00fcffel sind in den Niederlanden tats\u00e4chlich legal. Leider k\u00f6nnen noch keine Tr\u00fcffeltropfen hergestellt werden, da nur frische Tr\u00fcffel den gesetzlichen Bestimmungen entsprechen. Frische Psilocybin-Tr\u00fcffel d\u00fcrfen daher nicht zu einem anderen Produkt wie Tropfen oder Schokolade verarbeitet werden. Wenn ein Produkt aus Zauberpilzen und Tr\u00fcffeln hergestellt wird, ist es wichtig, die Quelle zu \u00fcberpr\u00fcfen.   <\/p>\t\t\t\t\t\t\t\t<\/div>\n\t\t\t\t<\/div>\n\t\t\t\t\t<\/div>\n\t\t\t\t<\/div>\n\t\t<div class=\"elementor-element elementor-element-4807f9a e-flex e-con-boxed e-con e-parent\" data-id=\"4807f9a\" data-element_type=\"container\" data-e-type=\"container\">\n\t\t\t\t\t<div class=\"e-con-inner\">\n\t\t<div class=\"elementor-element elementor-element-dfd2fb3 e-con-full e-flex e-con e-child\" data-id=\"dfd2fb3\" data-element_type=\"container\" data-e-type=\"container\">\n\t\t\t\t<div class=\"elementor-element elementor-element-2ba2232 elementor-widget elementor-widget-heading\" data-id=\"2ba2232\" data-element_type=\"widget\" data-e-type=\"widget\" data-widget_type=\"heading.default\">\n\t\t\t\t\t<h2 class=\"elementor-heading-title elementor-size-default\">Auswirkungen und Risiken von Pilztropfen<\/h2>\t\t\t\t<\/div>\n\t\t\t\t<div class=\"elementor-element elementor-element-7fe4b8c elementor-widget elementor-widget-text-editor\" data-id=\"7fe4b8c\" data-element_type=\"widget\" data-e-type=\"widget\" data-widget_type=\"text-editor.default\">\n\t\t\t\t\t\t\t\t\t<p>Die Wirkung von Magic Mushrooms in fl\u00fcssiger Form ist \u00e4hnlich wie die von traditionellen Magic Mushrooms oder Tr\u00fcffeln. Die Konsumenten erleben oft eine Ver\u00e4nderung des Bewusstseins, gesteigerte Emotionen, visuelle Halluzinationen und ein Gef\u00fchl der Verbundenheit mit ihrer Umgebung. <\/p><p>Der Konsum von Pilztropfen beim Ausgehen kann jedoch unberechenbar sein. Psychedelika wie Magic Mushrooms k\u00f6nnen intensiv und \u00fcberw\u00e4ltigend sein, besonders in einer gesch\u00e4ftigen Umgebung mit vielen Reizen. Das erh\u00f6ht die Wahrscheinlichkeit einer negativen Erfahrung, auch bekannt als Bad Trip.  <\/p>\t\t\t\t\t\t\t\t<\/div>\n\t\t\t\t<\/div>\n\t\t<div class=\"elementor-element elementor-element-1dc2988 e-con-full e-flex e-con e-child\" data-id=\"1dc2988\" data-element_type=\"container\" data-e-type=\"container\">\n\t\t\t\t<div class=\"elementor-element elementor-element-a358603 elementor-widget elementor-widget-image\" data-id=\"a358603\" data-element_type=\"widget\" data-e-type=\"widget\" data-widget_type=\"image.default\">\n\t\t\t\t\t\t\t\t\t\t\t\t\t\t\t<img fetchpriority=\"high\" decoding=\"async\" width=\"768\" height=\"1024\" src=\"https:\/\/www.truffelceremonie.com\/wp-content\/uploads\/2024\/12\/hulpverlener-Bianca-probeerde-truffels-voor-een-life-changing-experience-1-9-min-768x1024.jpg\" class=\"attachment-large size-large wp-image-44978\" alt=\"Tr\u00fcffeltee, Vorbereitung auf die Tr\u00fcffelzeremonie\" srcset=\"https:\/\/www.truffelceremonie.com\/wp-content\/uploads\/2024\/12\/hulpverlener-Bianca-probeerde-truffels-voor-een-life-changing-experience-1-9-min-768x1024.jpg 768w, https:\/\/www.truffelceremonie.com\/wp-content\/uploads\/2024\/12\/hulpverlener-Bianca-probeerde-truffels-voor-een-life-changing-experience-1-9-min-225x300.jpg 225w, https:\/\/www.truffelceremonie.com\/wp-content\/uploads\/2024\/12\/hulpverlener-Bianca-probeerde-truffels-voor-een-life-changing-experience-1-9-min-600x800.jpg 600w, https:\/\/www.truffelceremonie.com\/wp-content\/uploads\/2024\/12\/hulpverlener-Bianca-probeerde-truffels-voor-een-life-changing-experience-1-9-min.jpg 800w\" sizes=\"(max-width: 768px) 100vw, 768px\" \/>\t\t\t\t\t\t\t\t\t\t\t\t\t\t\t<\/div>\n\t\t\t\t<\/div>\n\t\t\t\t\t<\/div>\n\t\t\t\t<\/div>\n\t\t<div class=\"elementor-element elementor-element-568bcf1 e-flex e-con-boxed e-con e-parent\" data-id=\"568bcf1\" data-element_type=\"container\" data-e-type=\"container\" data-settings=\"{&quot;background_background&quot;:&quot;classic&quot;}\">\n\t\t\t\t\t<div class=\"e-con-inner\">\n\t\t<div class=\"elementor-element elementor-element-d731dc8 e-con-full e-flex e-con e-child\" data-id=\"d731dc8\" data-element_type=\"container\" data-e-type=\"container\">\n\t\t\t\t<div class=\"elementor-element elementor-element-a337b00 elementor-widget__width-initial elementor-widget-mobile__width-inherit elementor-widget elementor-widget-text-editor\" data-id=\"a337b00\" data-element_type=\"widget\" data-e-type=\"widget\" data-widget_type=\"text-editor.default\">\n\t\t\t\t\t\t\t\t\t<p>Es gibt auch einige Risiken im Zusammenhang mit Pilztropfen:<\/p><ul><li>Dosierungskontrolle: Da Fl\u00fcssigextrakte hoch konzentriert sein k\u00f6nnen, ist es schwierig, genau zu dosieren. Dies kann zu unerwartet starken Wirkungen f\u00fchren. <\/li><li>Psychologische Reaktionen: Menschen mit Angstst\u00f6rungen oder psychischer Anf\u00e4lligkeit haben ein h\u00f6heres Risiko f\u00fcr negative Erfahrungen.<\/li><li>Rechtliche Implikationen: Wie bereits erw\u00e4hnt, sind Pilztropfen, die aus Magic Mushrooms gewonnen werden, in den Niederlanden illegal.<\/li><\/ul><p>Pilztropfen sind eine alternative M\u00f6glichkeit, psychedelische Substanzen einzunehmen, aber sie sind nicht ohne Risiken. Produkte mit Psilocybin, das aus Zauberpilzen gewonnen wird, sind in den Niederlanden verboten. Nur Tropfen auf Tr\u00fcffelbasis k\u00f6nnten m\u00f6glicherweise legal sein, aber die Gesetzgebung dazu ist nicht immer eindeutig.  <\/p><p>M\u00f6chten Sie eine psychedelische Erfahrung auf sichere und legale Weise machen? Dann sind Tr\u00fcffelzeremonien die bessere Wahl. In einer kontrollierten Umgebung und unter fachkundiger Anleitung k\u00f6nnen Sie die Vorteile von Magic Mushrooms und Tr\u00fcffeln erleben, ohne die Risiken illegaler Substanzen einzugehen.  <\/p>\t\t\t\t\t\t\t\t<\/div>\n\t\t\t\t<div class=\"elementor-element elementor-element-1a835f6 elementor-align-center elementor-widget elementor-widget-button\" data-id=\"1a835f6\" data-element_type=\"widget\" data-e-type=\"widget\" data-widget_type=\"button.default\">\n\t\t\t\t\t\t\t\t\t\t<a class=\"elementor-button elementor-button-link elementor-size-sm\" href=\"https:\/\/www.truffelceremonie.com\/de\/preise-buchung-trueffel-zeremonie\/\">\n\t\t\t\t\t\t<span class=\"elementor-button-content-wrapper\">\n\t\t\t\t\t\t\t\t\t<span class=\"elementor-button-text\">Buchen Sie Ihre Tr\u00fcffelzeremonie hier!<\/span>\n\t\t\t\t\t<\/span>\n\t\t\t\t\t<\/a>\n\t\t\t\t\t\t\t\t<\/div>\n\t\t\t\t<\/div>\n\t\t\t\t\t<\/div>\n\t\t\t\t<\/div>\n\t\t<div class=\"elementor-element elementor-element-34b665a e-flex e-con-boxed e-con e-parent\" data-id=\"34b665a\" data-element_type=\"container\" data-e-type=\"container\" data-settings=\"{&quot;background_background&quot;:&quot;classic&quot;}\">\n\t\t\t\t\t<div class=\"e-con-inner\">\n\t\t<div class=\"elementor-element elementor-element-a563b92 e-con-full e-flex e-con e-child\" data-id=\"a563b92\" data-element_type=\"container\" data-e-type=\"container\">\n\t\t\t\t<div class=\"elementor-element elementor-element-9ccb9c1 elementor-widget elementor-widget-image\" data-id=\"9ccb9c1\" data-element_type=\"widget\" data-e-type=\"widget\" data-widget_type=\"image.default\">\n\t\t\t\t\t\t\t\t\t\t\t\t\t\t\t<img decoding=\"async\" width=\"800\" height=\"860\" src=\"https:\/\/www.truffelceremonie.com\/wp-content\/uploads\/2024\/12\/banner-ebook-Programm-fuer-Transformation-von-Trueffelzeremonie_com-953x1024.jpg\" class=\"attachment-large size-large wp-image-44028\" alt=\"Programm f\u00fcr Transformation\" srcset=\"https:\/\/www.truffelceremonie.com\/wp-content\/uploads\/2024\/12\/banner-ebook-Programm-fuer-Transformation-von-Trueffelzeremonie_com-953x1024.jpg 953w, https:\/\/www.truffelceremonie.com\/wp-content\/uploads\/2024\/12\/banner-ebook-Programm-fuer-Transformation-von-Trueffelzeremonie_com-279x300.jpg 279w, https:\/\/www.truffelceremonie.com\/wp-content\/uploads\/2024\/12\/banner-ebook-Programm-fuer-Transformation-von-Trueffelzeremonie_com-768x825.jpg 768w, https:\/\/www.truffelceremonie.com\/wp-content\/uploads\/2024\/12\/banner-ebook-Programm-fuer-Transformation-von-Trueffelzeremonie_com-600x645.jpg 600w, https:\/\/www.truffelceremonie.com\/wp-content\/uploads\/2024\/12\/banner-ebook-Programm-fuer-Transformation-von-Trueffelzeremonie_com.jpg 1420w\" sizes=\"(max-width: 800px) 100vw, 800px\" \/>\t\t\t\t\t\t\t\t\t\t\t\t\t\t\t<\/div>\n\t\t\t\t<\/div>\n\t\t<div class=\"elementor-element elementor-element-ddae941 e-con-full e-flex e-con e-child\" data-id=\"ddae941\" data-element_type=\"container\" data-e-type=\"container\">\n\t\t\t\t<div class=\"elementor-element elementor-element-4a6a3f8 elementor-widget elementor-widget-heading\" data-id=\"4a6a3f8\" data-element_type=\"widget\" data-e-type=\"widget\" data-widget_type=\"heading.default\">\n\t\t\t\t\t<h2 class=\"elementor-heading-title elementor-size-default\">M\u00f6chten Sie das eBook zum Programm f\u00fcr Transformation kostenlos herunterladen?<\/h2>\t\t\t\t<\/div>\n\t\t\t\t<div class=\"elementor-element elementor-element-b766efe elementor-widget elementor-widget-text-editor\" data-id=\"b766efe\" data-element_type=\"widget\" data-e-type=\"widget\" data-widget_type=\"text-editor.default\">\n\t\t\t\t\t\t\t\t\t<p>Geben Sie hier Ihre Daten ein und laden Sie sofort das eBook zum Programm f\u00fcr Transformation von Tr\u00fcffelzeremonie.com herunter.<\/p>\t\t\t\t\t\t\t\t<\/div>\n\t\t\t\t<div class=\"elementor-element elementor-element-1bd12fd elementor-widget__width-initial frm-con elementor-button-align-stretch elementor-widget elementor-widget-global elementor-global-58427 elementor-global-49977 elementor-widget-form\" data-id=\"1bd12fd\" data-element_type=\"widget\" data-e-type=\"widget\" data-settings=\"{&quot;step_next_label&quot;:&quot;N\\u00e4chste&quot;,&quot;step_previous_label&quot;:&quot;Vorherige&quot;,&quot;button_width&quot;:&quot;100&quot;,&quot;step_type&quot;:&quot;number_text&quot;,&quot;step_icon_shape&quot;:&quot;circle&quot;}\" data-widget_type=\"form.default\">\n\t\t\t\t\t\t\t<form class=\"elementor-form\" method=\"post\" name=\"Neue Form\" aria-label=\"Neue Form\">\n\t\t\t<input type=\"hidden\" name=\"post_id\" value=\"64045\"\/>\n\t\t\t<input type=\"hidden\" name=\"form_id\" value=\"1bd12fd\"\/>\n\t\t\t<input type=\"hidden\" name=\"referer_title\" value=\"\" \/>\n\n\t\t\t\n\t\t\t<div class=\"elementor-form-fields-wrapper elementor-labels-\">\n\t\t\t\t\t\t\t\t<div class=\"elementor-field-type-text elementor-field-group elementor-column elementor-field-group-name elementor-col-50\">\n\t\t\t\t\t\t\t\t\t\t\t\t\t<input size=\"1\" type=\"text\" name=\"form_fields[name]\" id=\"form-field-name\" class=\"elementor-field elementor-size-md  elementor-field-textual\" placeholder=\"Name\">\n\t\t\t\t\t\t\t\t\t\t\t<\/div>\n\t\t\t\t\t\t\t\t<div class=\"elementor-field-type-email elementor-field-group elementor-column elementor-field-group-email elementor-col-50 elementor-field-required\">\n\t\t\t\t\t\t\t\t\t\t\t\t\t<input size=\"1\" type=\"email\" name=\"form_fields[email]\" id=\"form-field-email\" class=\"elementor-field elementor-size-md  elementor-field-textual\" placeholder=\"E-Mail\" required=\"required\">\n\t\t\t\t\t\t\t\t\t\t\t<\/div>\n\t\t\t\t\t\t\t\t<div class=\"elementor-field-type-recaptcha elementor-field-group elementor-column elementor-field-group-field_9ecc503 elementor-col-100\">\n\t\t\t\t\t<div class=\"elementor-field\" id=\"form-field-field_9ecc503\"><div class=\"elementor-g-recaptcha\" data-sitekey=\"6LdMXL4qAAAAAAEeQpc5fUYXWDa26LyNDJKlobXB\" data-type=\"v2_checkbox\" data-theme=\"light\" data-size=\"normal\"><\/div><\/div>\t\t\t\t<\/div>\n\t\t\t\t\t\t\t\t<div class=\"elementor-field-group elementor-column elementor-field-type-submit elementor-col-100 e-form__buttons\">\n\t\t\t\t\t<button class=\"elementor-button elementor-size-sm\" type=\"submit\">\n\t\t\t\t\t\t<span class=\"elementor-button-content-wrapper\">\n\t\t\t\t\t\t\t\t\t\t\t\t\t\t\t\t\t\t\t\t\t\t<span class=\"elementor-button-text\">Herunterladen<\/span>\n\t\t\t\t\t\t\t\t\t\t\t\t\t<\/span>\n\t\t\t\t\t<\/button>\n\t\t\t\t<\/div>\n\t\t\t<\/div>\n\t\t<\/form>\n\t\t\t\t\t\t<\/div>\n\t\t\t\t<\/div>\n\t\t\t\t\t<\/div>\n\t\t\t\t<\/div>\n\t\t<div class=\"elementor-element elementor-element-95299a4 e-con-full e-flex e-con e-child\" data-id=\"95299a4\" data-element_type=\"container\" data-e-type=\"container\">\n\t\t\t\t<div class=\"elementor-element elementor-element-acd0689 elementor-widget elementor-widget-heading\" data-id=\"acd0689\" data-element_type=\"widget\" data-e-type=\"widget\" data-widget_type=\"heading.default\">\n\t\t\t\t\t<h2 class=\"elementor-heading-title elementor-size-default\">Abonnieren Sie jetzt unseren Newsletter<\/h2>\t\t\t\t<\/div>\n\t\t\t\t<div class=\"elementor-element elementor-element-2b81778 elementor-widget__width-initial elementor-widget-mobile__width-inherit elementor-widget elementor-widget-text-editor\" data-id=\"2b81778\" data-element_type=\"widget\" data-e-type=\"widget\" data-widget_type=\"text-editor.default\">\n\t\t\t\t\t\t\t\t\t<p>Unser Newsletter wird bis zu acht Mal im Jahr verschickt.<\/p>\t\t\t\t\t\t\t\t<\/div>\n\t\t\t\t<div class=\"elementor-element elementor-element-1635370 elementor-widget__width-initial frm-con elementor-button-align-stretch elementor-widget elementor-widget-global elementor-global-65666 elementor-global-50017 elementor-widget-form\" data-id=\"1635370\" data-element_type=\"widget\" data-e-type=\"widget\" data-settings=\"{&quot;step_next_label&quot;:&quot;N\\u00e4chste&quot;,&quot;step_previous_label&quot;:&quot;Vorherige&quot;,&quot;button_width&quot;:&quot;100&quot;,&quot;step_type&quot;:&quot;number_text&quot;,&quot;step_icon_shape&quot;:&quot;circle&quot;}\" data-widget_type=\"form.default\">\n\t\t\t\t\t\t\t<form class=\"elementor-form\" method=\"post\" name=\"Neue Form\" aria-label=\"Neue Form\">\n\t\t\t<input type=\"hidden\" name=\"post_id\" value=\"64045\"\/>\n\t\t\t<input type=\"hidden\" name=\"form_id\" value=\"1635370\"\/>\n\t\t\t<input type=\"hidden\" name=\"referer_title\" value=\"\" \/>\n\n\t\t\t\n\t\t\t<div class=\"elementor-form-fields-wrapper elementor-labels-\">\n\t\t\t\t\t\t\t\t<div class=\"elementor-field-type-text elementor-field-group elementor-column elementor-field-group-name elementor-col-50\">\n\t\t\t\t\t\t\t\t\t\t\t\t<label for=\"form-field-name\" class=\"elementor-field-label elementor-screen-only\">\n\t\t\t\t\t\t\t\tName\t\t\t\t\t\t\t<\/label>\n\t\t\t\t\t\t\t\t\t\t\t\t\t\t<input size=\"1\" type=\"text\" name=\"form_fields[name]\" id=\"form-field-name\" class=\"elementor-field elementor-size-md  elementor-field-textual\" placeholder=\"Name\">\n\t\t\t\t\t\t\t\t\t\t\t<\/div>\n\t\t\t\t\t\t\t\t<div class=\"elementor-field-type-email elementor-field-group elementor-column elementor-field-group-email elementor-col-50 elementor-field-required\">\n\t\t\t\t\t\t\t\t\t\t\t\t<label for=\"form-field-email\" class=\"elementor-field-label elementor-screen-only\">\n\t\t\t\t\t\t\t\tE-Mail\t\t\t\t\t\t\t<\/label>\n\t\t\t\t\t\t\t\t\t\t\t\t\t\t<input size=\"1\" type=\"email\" name=\"form_fields[email]\" id=\"form-field-email\" class=\"elementor-field elementor-size-md  elementor-field-textual\" placeholder=\"E-Mail\" required=\"required\">\n\t\t\t\t\t\t\t\t\t\t\t<\/div>\n\t\t\t\t\t\t\t\t<div class=\"elementor-field-type-recaptcha elementor-field-group elementor-column elementor-field-group-field_67b35e6 elementor-col-100\">\n\t\t\t\t\t<div class=\"elementor-field\" id=\"form-field-field_67b35e6\"><div class=\"elementor-g-recaptcha\" data-sitekey=\"6LdMXL4qAAAAAAEeQpc5fUYXWDa26LyNDJKlobXB\" data-type=\"v2_checkbox\" data-theme=\"light\" data-size=\"normal\"><\/div><\/div>\t\t\t\t<\/div>\n\t\t\t\t\t\t\t\t<div class=\"elementor-field-group elementor-column elementor-field-type-submit elementor-col-100 e-form__buttons\">\n\t\t\t\t\t<button class=\"elementor-button elementor-size-sm\" type=\"submit\">\n\t\t\t\t\t\t<span class=\"elementor-button-content-wrapper\">\n\t\t\t\t\t\t\t\t\t\t\t\t\t\t\t\t\t\t\t\t\t\t<span class=\"elementor-button-text\">Versand<\/span>\n\t\t\t\t\t\t\t\t\t\t\t\t\t<\/span>\n\t\t\t\t\t<\/button>\n\t\t\t\t<\/div>\n\t\t\t<\/div>\n\t\t<\/form>\n\t\t\t\t\t\t<\/div>\n\t\t\t\t<\/div>\n\t\t\t\t<\/div>\n\t\t","protected":false},"excerpt":{"rendered":"<p>Home | Paddy Drops: Was sind sie und sind sie legal? Kr\u00f6tentropfen: Was sind sie und sind sie legal? F\u00fcr den Fall, dass Sie Ihr Leben wirklich verbessern wollen Pilztropfen sind eine relativ neue Art, psychedelische Substanzen zu konsumieren. Anstatt getrocknete Pilze und Tr\u00fcffel zu essen, verwenden manche Menschen fl\u00fcssige Extrakte, die Psilocybin enthalten. Dies [&hellip;]<\/p>\n","protected":false},"author":1,"featured_media":0,"parent":0,"menu_order":0,"comment_status":"closed","ping_status":"closed","template":"","meta":{"_joinchat":[],"footnotes":""},"class_list":["post-64045","page","type-page","status-publish","hentry"],"_links":{"self":[{"href":"https:\/\/www.truffelceremonie.com\/de\/wp-json\/wp\/v2\/pages\/64045","targetHints":{"allow":["GET"]}}],"collection":[{"href":"https:\/\/www.truffelceremonie.com\/de\/wp-json\/wp\/v2\/pages"}],"about":[{"href":"https:\/\/www.truffelceremonie.com\/de\/wp-json\/wp\/v2\/types\/page"}],"author":[{"embeddable":true,"href":"https:\/\/www.truffelceremonie.com\/de\/wp-json\/wp\/v2\/users\/1"}],"replies":[{"embeddable":true,"href":"https:\/\/www.truffelceremonie.com\/de\/wp-json\/wp\/v2\/comments?post=64045"}],"version-history":[{"count":1,"href":"https:\/\/www.truffelceremonie.com\/de\/wp-json\/wp\/v2\/pages\/64045\/revisions"}],"predecessor-version":[{"id":64049,"href":"https:\/\/www.truffelceremonie.com\/de\/wp-json\/wp\/v2\/pages\/64045\/revisions\/64049"}],"wp:attachment":[{"href":"https:\/\/www.truffelceremonie.com\/de\/wp-json\/wp\/v2\/media?parent=64045"}],"curies":[{"name":"wp","href":"https:\/\/api.w.org\/{rel}","templated":true}]}}