{"id":75841,"date":"2026-04-21T13:49:03","date_gmt":"2026-04-21T13:49:03","guid":{"rendered":"https:\/\/www.truffelceremonie.com\/standort-geldrop-nordbrabant\/"},"modified":"2026-04-21T14:09:01","modified_gmt":"2026-04-21T14:09:01","slug":"standort-geldrop-nordbrabant","status":"publish","type":"page","link":"https:\/\/www.truffelceremonie.com\/de\/standort-geldrop-nordbrabant\/","title":{"rendered":"Standort Geldrop &#8211; Nordbrabant"},"content":{"rendered":"\t\t<div data-elementor-type=\"wp-page\" data-elementor-id=\"75841\" class=\"elementor elementor-75841 elementor-75810\" data-elementor-post-type=\"page\">\n\t\t\t\t<div class=\"elementor-element elementor-element-2ccdc14 e-flex e-con-boxed e-con e-parent\" data-id=\"2ccdc14\" data-element_type=\"container\" data-e-type=\"container\" data-settings=\"{&quot;background_background&quot;:&quot;classic&quot;}\">\n\t\t\t\t\t<div class=\"e-con-inner\">\n\t\t<div class=\"elementor-element elementor-element-1d0b6c9 e-con-full e-flex e-con e-child\" data-id=\"1d0b6c9\" data-element_type=\"container\" data-e-type=\"container\">\n\t\t\t\t<div class=\"elementor-element elementor-element-888e4d6 elementor-widget__width-initial hambur-text elementor-widget elementor-widget-text-editor\" data-id=\"888e4d6\" data-element_type=\"widget\" data-e-type=\"widget\" data-widget_type=\"text-editor.default\">\n\t\t\t\t\t\t\t\t\t<p><a style=\"color: white;\" href=\"https:\/\/sqeassignment.space\/truffle\/\">Home<\/a> | Location Geldrop &#8211; Nord-Brabant f\u00fcr Ihre Tr\u00fcffel-Zeremonie<\/p>\t\t\t\t\t\t\t\t<\/div>\n\t\t\t\t<div class=\"elementor-element elementor-element-196acee elementor-widget elementor-widget-heading\" data-id=\"196acee\" data-element_type=\"widget\" data-e-type=\"widget\" data-widget_type=\"heading.default\">\n\t\t\t\t\t<h1 class=\"elementor-heading-title elementor-size-default\">Ort Geldrop - Nordbrabant f\u00fcr Ihre Tr\u00fcffelzeremonie<\/h1>\t\t\t\t<\/div>\n\t\t\t\t<div class=\"elementor-element elementor-element-c9da7f3 elementor-widget elementor-widget-heading\" data-id=\"c9da7f3\" data-element_type=\"widget\" data-e-type=\"widget\" data-widget_type=\"heading.default\">\n\t\t\t\t\t<h2 class=\"elementor-heading-title elementor-size-default\">Ihre vertrauensw\u00fcrdige Adresse f\u00fcr Tr\u00fcffelzeremonien in Nordbrabant<\/h2>\t\t\t\t<\/div>\n\t\t\t\t<\/div>\n\t\t\t\t\t<\/div>\n\t\t\t\t<\/div>\n\t\t<div class=\"elementor-element elementor-element-0aea66d e-flex e-con-boxed e-con e-parent\" data-id=\"0aea66d\" data-element_type=\"container\" data-e-type=\"container\">\n\t\t\t\t\t<div class=\"e-con-inner\">\n\t\t<div class=\"elementor-element elementor-element-e5e88a3 e-con-full e-flex e-con e-child\" data-id=\"e5e88a3\" data-element_type=\"container\" data-e-type=\"container\">\n\t\t\t\t<div class=\"elementor-element elementor-element-681b373 elementor-widget elementor-widget-heading\" data-id=\"681b373\" data-element_type=\"widget\" data-e-type=\"widget\" data-widget_type=\"heading.default\">\n\t\t\t\t\t<h2 class=\"elementor-heading-title elementor-size-default\">Tr\u00fcffelzeremonie Geldrop<\/h2>\t\t\t\t<\/div>\n\t\t\t\t<div class=\"elementor-element elementor-element-26689a0 elementor-widget__width-inherit elementor-widget-mobile__width-inherit elementor-widget elementor-widget-text-editor\" data-id=\"26689a0\" data-element_type=\"widget\" data-e-type=\"widget\" data-widget_type=\"text-editor.default\">\n\t\t\t\t\t\t\t\t\t<p style=\"margin: 0px; padding: 0px 0px 1em; border: 0px; outline: 0px; font-size: 18px; vertical-align: baseline; background-image: none; background-position: 0% 0%; background-size: auto; background-repeat: repeat; background-attachment: scroll; background-origin: padding-box; background-clip: border-box; caret-color: #727272; color: #727272; font-family: Quicksand, Helvetica, Arial, Lucida, sans-serif; text-align: justify; transition-property: none !important; transform: none !important; animation: 0s !important;\">Nur ein wenig mehr Geduld!<\/p><p style=\"margin: 0px; padding: 0px 0px 1em; border: 0px; outline: 0px; font-size: 18px; vertical-align: baseline; background-image: none; background-position: 0% 0%; background-size: auto; background-repeat: repeat; background-attachment: scroll; background-origin: padding-box; background-clip: border-box; caret-color: #727272; color: #727272; font-family: Quicksand, Helvetica, Arial, Lucida, sans-serif; text-align: justify; transition-property: none !important; transform: none !important; animation: 0s !important;\">Diese Filiale wird im Juli 2026 er\u00f6ffnet.<\/p>\t\t\t\t\t\t\t\t<\/div>\n\t\t\t\t<div class=\"elementor-element elementor-element-5892aab elementor-widget elementor-widget-image\" data-id=\"5892aab\" data-element_type=\"widget\" data-e-type=\"widget\" data-widget_type=\"image.default\">\n\t\t\t\t\t\t\t\t\t\t\t\t\t\t\t<img decoding=\"async\" width=\"166\" height=\"50\" src=\"https:\/\/www.truffelceremonie.com\/wp-content\/uploads\/2023\/03\/NL-EN-gesproken.jpg\" class=\"attachment-large size-large wp-image-10019\" alt=\"NL-EN gesprochen\" \/>\t\t\t\t\t\t\t\t\t\t\t\t\t\t\t<\/div>\n\t\t\t\t<div class=\"elementor-element elementor-element-db2d06e elementor-widget__width-inherit elementor-widget-mobile__width-inherit elementor-widget elementor-widget-text-editor\" data-id=\"db2d06e\" data-element_type=\"widget\" data-e-type=\"widget\" data-widget_type=\"text-editor.default\">\n\t\t\t\t\t\t\t\t\t<p style=\"margin: 0px; padding: 0px 0px 1em; border: 0px; outline: 0px; font-size: 18px; vertical-align: baseline; background-image: none; background-position: 0% 0%; background-size: auto; background-repeat: repeat; background-attachment: scroll; background-origin: padding-box; background-clip: border-box; caret-color: #727272; color: #727272; font-family: Quicksand, Helvetica, Arial, Lucida, sans-serif; text-align: justify; transition-property: none !important; transform: none !important; animation: 0s !important;\">In dieser Niederlassung wird Niederl\u00e4ndisch und Englisch gesprochen.<\/p>\t\t\t\t\t\t\t\t<\/div>\n\t\t\t\t<\/div>\n\t\t<div class=\"elementor-element elementor-element-e6f9ada e-con-full e-flex e-con e-child\" data-id=\"e6f9ada\" data-element_type=\"container\" data-e-type=\"container\" data-settings=\"{&quot;background_background&quot;:&quot;classic&quot;}\">\n\t\t\t\t<div class=\"elementor-element elementor-element-5befc03 elementor-widget elementor-widget-image\" data-id=\"5befc03\" data-element_type=\"widget\" data-e-type=\"widget\" data-widget_type=\"image.default\">\n\t\t\t\t\t\t\t\t\t\t\t\t\t\t\t<img fetchpriority=\"high\" decoding=\"async\" width=\"800\" height=\"771\" src=\"https:\/\/www.truffelceremonie.com\/wp-content\/uploads\/2026\/04\/Geldrop-Truffelceremonie_com.jpg\" class=\"attachment-large size-large wp-image-75816\" alt=\"Geldrop Tr\u00fcffelzeremonie_com\" srcset=\"https:\/\/www.truffelceremonie.com\/wp-content\/uploads\/2026\/04\/Geldrop-Truffelceremonie_com.jpg 1000w, https:\/\/www.truffelceremonie.com\/wp-content\/uploads\/2026\/04\/Geldrop-Truffelceremonie_com-300x289.jpg 300w, https:\/\/www.truffelceremonie.com\/wp-content\/uploads\/2026\/04\/Geldrop-Truffelceremonie_com-768x740.jpg 768w, https:\/\/www.truffelceremonie.com\/wp-content\/uploads\/2026\/04\/Geldrop-Truffelceremonie_com-600x578.jpg 600w\" sizes=\"(max-width: 800px) 100vw, 800px\" \/>\t\t\t\t\t\t\t\t\t\t\t\t\t\t\t<\/div>\n\t\t\t\t<\/div>\n\t\t\t\t\t<\/div>\n\t\t\t\t<\/div>\n\t\t\t\t<\/div>\n\t\t","protected":false},"excerpt":{"rendered":"<p>Home | Location Geldrop &#8211; Nord-Brabant f\u00fcr Ihre Tr\u00fcffel-Zeremonie Ort Geldrop &#8211; Nordbrabant f\u00fcr Ihre Tr\u00fcffelzeremonie Ihre vertrauensw\u00fcrdige Adresse f\u00fcr Tr\u00fcffelzeremonien in Nordbrabant Tr\u00fcffelzeremonie Geldrop Nur ein wenig mehr Geduld! Diese Filiale wird im Juli 2026 er\u00f6ffnet. In dieser Niederlassung wird Niederl\u00e4ndisch und Englisch gesprochen.<\/p>\n","protected":false},"author":1,"featured_media":0,"parent":0,"menu_order":0,"comment_status":"closed","ping_status":"closed","template":"","meta":{"_joinchat":[],"footnotes":""},"class_list":["post-75841","page","type-page","status-publish","hentry"],"_links":{"self":[{"href":"https:\/\/www.truffelceremonie.com\/de\/wp-json\/wp\/v2\/pages\/75841","targetHints":{"allow":["GET"]}}],"collection":[{"href":"https:\/\/www.truffelceremonie.com\/de\/wp-json\/wp\/v2\/pages"}],"about":[{"href":"https:\/\/www.truffelceremonie.com\/de\/wp-json\/wp\/v2\/types\/page"}],"author":[{"embeddable":true,"href":"https:\/\/www.truffelceremonie.com\/de\/wp-json\/wp\/v2\/users\/1"}],"replies":[{"embeddable":true,"href":"https:\/\/www.truffelceremonie.com\/de\/wp-json\/wp\/v2\/comments?post=75841"}],"version-history":[{"count":1,"href":"https:\/\/www.truffelceremonie.com\/de\/wp-json\/wp\/v2\/pages\/75841\/revisions"}],"predecessor-version":[{"id":75843,"href":"https:\/\/www.truffelceremonie.com\/de\/wp-json\/wp\/v2\/pages\/75841\/revisions\/75843"}],"wp:attachment":[{"href":"https:\/\/www.truffelceremonie.com\/de\/wp-json\/wp\/v2\/media?parent=75841"}],"curies":[{"name":"wp","href":"https:\/\/api.w.org\/{rel}","templated":true}]}}