{"id":75845,"date":"2026-04-21T13:53:47","date_gmt":"2026-04-21T13:53:47","guid":{"rendered":"https:\/\/www.truffelceremonie.com\/filiale-leek\/"},"modified":"2026-04-21T14:09:08","modified_gmt":"2026-04-21T14:09:08","slug":"filiale-leek","status":"publish","type":"page","link":"https:\/\/www.truffelceremonie.com\/de\/filiale-leek\/","title":{"rendered":"Filiale Leek"},"content":{"rendered":"\t\t<div data-elementor-type=\"wp-page\" data-elementor-id=\"75845\" class=\"elementor elementor-75845 elementor-75807\" data-elementor-post-type=\"page\">\n\t\t\t\t<div class=\"elementor-element elementor-element-2c8fe3a e-flex e-con-boxed e-con e-parent\" data-id=\"2c8fe3a\" data-element_type=\"container\" data-e-type=\"container\" data-settings=\"{&quot;background_background&quot;:&quot;classic&quot;}\">\n\t\t\t\t\t<div class=\"e-con-inner\">\n\t\t<div class=\"elementor-element elementor-element-08d6c3e e-con-full e-flex e-con e-child\" data-id=\"08d6c3e\" data-element_type=\"container\" data-e-type=\"container\">\n\t\t\t\t<div class=\"elementor-element elementor-element-b8403fa elementor-widget__width-initial hambur-text elementor-widget elementor-widget-text-editor\" data-id=\"b8403fa\" data-element_type=\"widget\" data-e-type=\"widget\" data-widget_type=\"text-editor.default\">\n\t\t\t\t\t\t\t\t\t<p><a style=\"color: white;\" href=\"https:\/\/sqeassignment.space\/truffle\/\">Home<\/a> | Zweigstelle Lauch &#8211; Groningen f\u00fcr Ihre Tr\u00fcffelzeremonie<\/p>\t\t\t\t\t\t\t\t<\/div>\n\t\t\t\t<div class=\"elementor-element elementor-element-c2db5f4 elementor-widget elementor-widget-heading\" data-id=\"c2db5f4\" data-element_type=\"widget\" data-e-type=\"widget\" data-widget_type=\"heading.default\">\n\t\t\t\t\t<h1 class=\"elementor-heading-title elementor-size-default\">Lauchzweig - Groningen f\u00fcr Ihre Tr\u00fcffelzeremonie<\/h1>\t\t\t\t<\/div>\n\t\t\t\t<div class=\"elementor-element elementor-element-b4db5c6 elementor-widget elementor-widget-heading\" data-id=\"b4db5c6\" data-element_type=\"widget\" data-e-type=\"widget\" data-widget_type=\"heading.default\">\n\t\t\t\t\t<h2 class=\"elementor-heading-title elementor-size-default\">Ihre vertrauensw\u00fcrdige Adresse f\u00fcr Tr\u00fcffelzeremonien in Groningen<\/h2>\t\t\t\t<\/div>\n\t\t\t\t<\/div>\n\t\t\t\t\t<\/div>\n\t\t\t\t<\/div>\n\t\t<div class=\"elementor-element elementor-element-8288f63 e-flex e-con-boxed e-con e-parent\" data-id=\"8288f63\" data-element_type=\"container\" data-e-type=\"container\">\n\t\t\t\t\t<div class=\"e-con-inner\">\n\t\t<div class=\"elementor-element elementor-element-88f9be7 e-con-full e-flex e-con e-child\" data-id=\"88f9be7\" data-element_type=\"container\" data-e-type=\"container\">\n\t\t\t\t<div class=\"elementor-element elementor-element-2677ea7 elementor-widget elementor-widget-heading\" data-id=\"2677ea7\" data-element_type=\"widget\" data-e-type=\"widget\" data-widget_type=\"heading.default\">\n\t\t\t\t\t<h2 class=\"elementor-heading-title elementor-size-default\">Tr\u00fcffelzeremonie Lauch - Groningen<\/h2>\t\t\t\t<\/div>\n\t\t\t\t<div class=\"elementor-element elementor-element-da9ce45 elementor-widget__width-inherit elementor-widget-mobile__width-inherit elementor-widget elementor-widget-text-editor\" data-id=\"da9ce45\" data-element_type=\"widget\" data-e-type=\"widget\" data-widget_type=\"text-editor.default\">\n\t\t\t\t\t\t\t\t\t<p style=\"margin: 0px; padding: 0px 0px 1em; border: 0px; outline: 0px; font-size: 18px; vertical-align: baseline; background-image: none; background-position: 0% 0%; background-size: auto; background-repeat: repeat; background-attachment: scroll; background-origin: padding-box; background-clip: border-box; caret-color: #727272; color: #727272; font-family: Quicksand, Helvetica, Arial, Lucida, sans-serif; text-align: justify; transition-property: none !important; transform: none !important; animation: 0s !important;\">Nur ein wenig mehr Geduld!<\/p><p style=\"margin: 0px; padding: 0px 0px 1em; border: 0px; outline: 0px; font-size: 18px; vertical-align: baseline; background-image: none; background-position: 0% 0%; background-size: auto; background-repeat: repeat; background-attachment: scroll; background-origin: padding-box; background-clip: border-box; caret-color: #727272; color: #727272; font-family: Quicksand, Helvetica, Arial, Lucida, sans-serif; text-align: justify; transition-property: none !important; transform: none !important; animation: 0s !important;\">Diese Filiale wird im Juli 2026 er\u00f6ffnet.<\/p>\t\t\t\t\t\t\t\t<\/div>\n\t\t\t\t<div class=\"elementor-element elementor-element-f0c78fa elementor-widget elementor-widget-image\" data-id=\"f0c78fa\" data-element_type=\"widget\" data-e-type=\"widget\" data-widget_type=\"image.default\">\n\t\t\t\t\t\t\t\t\t\t\t\t\t\t\t<img decoding=\"async\" width=\"166\" height=\"50\" src=\"https:\/\/www.truffelceremonie.com\/wp-content\/uploads\/2023\/03\/NL-EN-gesproken.jpg\" class=\"attachment-large size-large wp-image-10019\" alt=\"NL-EN gesprochen\" \/>\t\t\t\t\t\t\t\t\t\t\t\t\t\t\t<\/div>\n\t\t\t\t<div class=\"elementor-element elementor-element-2bb4b5b elementor-widget__width-inherit elementor-widget-mobile__width-inherit elementor-widget elementor-widget-text-editor\" data-id=\"2bb4b5b\" data-element_type=\"widget\" data-e-type=\"widget\" data-widget_type=\"text-editor.default\">\n\t\t\t\t\t\t\t\t\t<p style=\"margin: 0px; padding: 0px 0px 1em; border: 0px; outline: 0px; font-size: 18px; vertical-align: baseline; background-image: none; background-position: 0% 0%; background-size: auto; background-repeat: repeat; background-attachment: scroll; background-origin: padding-box; background-clip: border-box; caret-color: #727272; color: #727272; font-family: Quicksand, Helvetica, Arial, Lucida, sans-serif; text-align: justify; transition-property: none !important; transform: none !important; animation: 0s !important;\">In dieser Niederlassung wird Niederl\u00e4ndisch und Englisch gesprochen.<\/p>\t\t\t\t\t\t\t\t<\/div>\n\t\t\t\t<\/div>\n\t\t<div class=\"elementor-element elementor-element-8cf42aa e-con-full e-flex e-con e-child\" data-id=\"8cf42aa\" data-element_type=\"container\" data-e-type=\"container\" data-settings=\"{&quot;background_background&quot;:&quot;classic&quot;}\">\n\t\t\t\t<div class=\"elementor-element elementor-element-855f6a9 elementor-widget elementor-widget-image\" data-id=\"855f6a9\" data-element_type=\"widget\" data-e-type=\"widget\" data-widget_type=\"image.default\">\n\t\t\t\t\t\t\t\t\t\t\t\t\t\t\t<img fetchpriority=\"high\" decoding=\"async\" width=\"800\" height=\"771\" src=\"https:\/\/www.truffelceremonie.com\/wp-content\/uploads\/2026\/04\/Leek-Groningen-Truffelceremonie_com.jpg\" class=\"attachment-large size-large wp-image-75813\" alt=\"Leek-Groningen Tr\u00fcffelzeremonie_com\" srcset=\"https:\/\/www.truffelceremonie.com\/wp-content\/uploads\/2026\/04\/Leek-Groningen-Truffelceremonie_com.jpg 1000w, https:\/\/www.truffelceremonie.com\/wp-content\/uploads\/2026\/04\/Leek-Groningen-Truffelceremonie_com-300x289.jpg 300w, https:\/\/www.truffelceremonie.com\/wp-content\/uploads\/2026\/04\/Leek-Groningen-Truffelceremonie_com-768x740.jpg 768w, https:\/\/www.truffelceremonie.com\/wp-content\/uploads\/2026\/04\/Leek-Groningen-Truffelceremonie_com-600x578.jpg 600w\" sizes=\"(max-width: 800px) 100vw, 800px\" \/>\t\t\t\t\t\t\t\t\t\t\t\t\t\t\t<\/div>\n\t\t\t\t<\/div>\n\t\t\t\t\t<\/div>\n\t\t\t\t<\/div>\n\t\t\t\t<\/div>\n\t\t","protected":false},"excerpt":{"rendered":"<p>Home | Zweigstelle Lauch &#8211; Groningen f\u00fcr Ihre Tr\u00fcffelzeremonie Lauchzweig &#8211; Groningen f\u00fcr Ihre Tr\u00fcffelzeremonie Ihre vertrauensw\u00fcrdige Adresse f\u00fcr Tr\u00fcffelzeremonien in Groningen Tr\u00fcffelzeremonie Lauch &#8211; Groningen Nur ein wenig mehr Geduld! Diese Filiale wird im Juli 2026 er\u00f6ffnet. In dieser Niederlassung wird Niederl\u00e4ndisch und Englisch gesprochen.<\/p>\n","protected":false},"author":1,"featured_media":0,"parent":0,"menu_order":0,"comment_status":"closed","ping_status":"closed","template":"","meta":{"_joinchat":[],"footnotes":""},"class_list":["post-75845","page","type-page","status-publish","hentry"],"_links":{"self":[{"href":"https:\/\/www.truffelceremonie.com\/de\/wp-json\/wp\/v2\/pages\/75845","targetHints":{"allow":["GET"]}}],"collection":[{"href":"https:\/\/www.truffelceremonie.com\/de\/wp-json\/wp\/v2\/pages"}],"about":[{"href":"https:\/\/www.truffelceremonie.com\/de\/wp-json\/wp\/v2\/types\/page"}],"author":[{"embeddable":true,"href":"https:\/\/www.truffelceremonie.com\/de\/wp-json\/wp\/v2\/users\/1"}],"replies":[{"embeddable":true,"href":"https:\/\/www.truffelceremonie.com\/de\/wp-json\/wp\/v2\/comments?post=75845"}],"version-history":[{"count":1,"href":"https:\/\/www.truffelceremonie.com\/de\/wp-json\/wp\/v2\/pages\/75845\/revisions"}],"predecessor-version":[{"id":75847,"href":"https:\/\/www.truffelceremonie.com\/de\/wp-json\/wp\/v2\/pages\/75845\/revisions\/75847"}],"wp:attachment":[{"href":"https:\/\/www.truffelceremonie.com\/de\/wp-json\/wp\/v2\/media?parent=75845"}],"curies":[{"name":"wp","href":"https:\/\/api.w.org\/{rel}","templated":true}]}}