{"id":70331,"date":"2025-06-09T07:06:40","date_gmt":"2025-06-09T07:06:40","guid":{"rendered":"https:\/\/www.truffelceremonie.com\/product\/aufnahme-oder-integrationsgespraech-1-stunde\/"},"modified":"2026-02-18T11:42:35","modified_gmt":"2026-02-18T11:42:35","slug":"aufnahme-oder-integrationsgespraech-1-stunde","status":"publish","type":"product","link":"https:\/\/www.truffelceremonie.com\/de\/produkt\/aufnahme-oder-integrationsgespraech-1-stunde\/","title":{"rendered":"Aufnahme- oder Integrationsgespr\u00e4ch (60 Minuten)"},"content":{"rendered":"<p data-start=\"229\" data-end=\"293\"><strong data-start=\"229\" data-end=\"293\">Mehr Tiefe, mehr Sicherheit, mehr nachhaltige Ver\u00e4nderung<\/strong><\/p>\n<p data-start=\"295\" data-end=\"463\">Eine Tr\u00fcffelzeremonie ist kein einmaliger Moment.<br data-start=\"335\" data-end=\"338\">Es ist eine innere Reise und es ist <strong data-start=\"376\" data-end=\"415\">die Vorbereitung und die Zeit danach<\/strong>, die bestimmen, wie viel Ihnen diese Reise wirklich bringt.<\/p>\n<p data-start=\"465\" data-end=\"555\">Aus diesem Grund empfehlen wir den Teilnehmern immer, ein <strong data-start=\"508\" data-end=\"540\">Aufnahme- oder Integrationsgespr\u00e4ch<\/strong> zu vereinbaren.<\/p>\n<h3 data-start=\"557\" data-end=\"588\">Im Vorfeld: das Aufnahmegespr\u00e4ch<\/h3>\n<p data-start=\"589\" data-end=\"793\">W\u00e4hrend des Aufnahmegespr\u00e4chs machen Sie sich bereits mit Ihrem Berater bekannt (online oder pers\u00f6nlich). Sie lernen sich kennen, Sie k\u00f6nnen Fragen stellen und wir nehmen uns die Zeit, in aller Ruhe Ihre pers\u00f6nliche Situation, Themen und Absichten zu besprechen. <\/p>\n<p data-start=\"795\" data-end=\"1083\">Unsere Erfahrung und auch die Forschung zu gef\u00fchrten Bewusstseinsreisen zeigt, dass ein starkes Gef\u00fchl der <strong data-start=\"956\" data-end=\"984\">Sicherheit und des Vertrauens<\/strong> entsteht, wenn man den Raum und den Begleiter bereits kennt.<br data-start=\"991\" data-end=\"994\">So k\u00f6nnen Sie w\u00e4hrend der Zeremonie leichter loslassen und tiefer in Ihren Prozess eintauchen.<\/p>\n<p data-start=\"1085\" data-end=\"1106\">Gemeinsam schauen wir uns das an:<\/p>\n<ul data-start=\"1107\" data-end=\"1259\">\n<li data-start=\"1107\" data-end=\"1137\">\n<p data-start=\"1109\" data-end=\"1137\">Ihre Bitte um Hilfe und Ihre Absichten<\/p>\n<\/li>\n<li data-start=\"1138\" data-end=\"1183\">\n<p data-start=\"1140\" data-end=\"1183\">Ihre aktuelle Lebensphase und Ihre Lebensumst\u00e4nde<\/p>\n<\/li>\n<li data-start=\"1184\" data-end=\"1218\">\n<p data-start=\"1186\" data-end=\"1218\">m\u00f6gliche Blockaden oder \u00c4ngste<\/p>\n<\/li>\n<li data-start=\"1219\" data-end=\"1259\">\n<p data-start=\"1221\" data-end=\"1259\">wie Sie sich am besten vorbereiten<\/p>\n<\/li>\n<li data-start=\"1219\" data-end=\"1259\">und wir besprechen das Aufnahmeformular, das Sie nach Ihrer Buchung ausgef\u00fcllt haben.<\/li>\n<\/ul>\n<p data-start=\"1261\" data-end=\"1379\">Viele Teilnehmer sagen im Nachhinein, dass genau dieses Gespr\u00e4ch es ihnen erm\u00f6glicht hat, sich wirklich auf die Reise einzulassen.<\/p>\n<hr data-start=\"1381\" data-end=\"1384\">\n<h3 data-start=\"1386\" data-end=\"1424\">Danach: das Integrationsgespr\u00e4ch<\/h3>\n<p data-start=\"1425\" data-end=\"1623\">Die Zeremonie selbst ist oft intensiv, aufschlussreich und manchmal sogar lebensver\u00e4ndernd.<br data-start=\"1505\" data-end=\"1508\">Aber die wirkliche Ver\u00e4nderung geschieht erst, wenn Sie verstehen, <strong data-start=\"1567\" data-end=\"1623\">wie Sie die Erkenntnisse in Ihr t\u00e4gliches Leben mitnehmen k\u00f6nnen.<\/strong><\/p>\n<p data-start=\"1625\" data-end=\"1662\">Hier hilft das Integrationsgespr\u00e4ch.<\/p>\n<p data-start=\"1664\" data-end=\"1679\">In diesem Gespr\u00e4ch:<\/p>\n<ul data-start=\"1680\" data-end=\"1900\">\n<li data-start=\"1680\" data-end=\"1718\">\n<p data-start=\"1682\" data-end=\"1718\">wir besprechen in aller Ruhe Ihre Erfahrungen<\/p>\n<\/li>\n<li data-start=\"1719\" data-end=\"1761\">\n<p data-start=\"1721\" data-end=\"1761\">wir helfen Ihnen, Ihre Erkenntnisse zu verstehen<\/p>\n<\/li>\n<li data-start=\"1762\" data-end=\"1809\">\n<p data-start=\"1764\" data-end=\"1809\">die Erfahrung in konkrete Schritte umsetzen<\/p>\n<\/li>\n<li data-start=\"1810\" data-end=\"1900\">\n<p data-start=\"1812\" data-end=\"1900\">sorgen wir daf\u00fcr, dass es nicht bei einer &#8220;sch\u00f6nen Erinnerung&#8221; bleibt, sondern eine dauerhafte Entwicklung wird<\/p>\n<\/li>\n<\/ul>\n<p data-start=\"1902\" data-end=\"2070\">Ohne Integration gehen die Erkenntnisse oft in der Hektik des Alltags unter.<br data-start=\"1986\" data-end=\"1989\">Mit Integration gewinnen sie an Bedeutung und es kann sich wirklich etwas in Ihnen ver\u00e4ndern.<\/p>\n<hr data-start=\"2072\" data-end=\"2075\">\n<h3 data-start=\"2077\" data-end=\"2115\">Wann k\u00f6nnen Sie diesen Vortrag buchen?<\/h3>\n<ul data-start=\"2116\" data-end=\"2278\">\n<li data-start=\"2116\" data-end=\"2197\">\n<p data-start=\"2118\" data-end=\"2197\">M\u00f6chten Sie vor Ihrer Tr\u00fcffelzeremonie Kontakt zu Ihrem Reisef\u00fchrer aufnehmen?<\/p>\n<\/li>\n<li data-start=\"2198\" data-end=\"2278\">\n<p data-start=\"2200\" data-end=\"2278\">Oder bemerken Sie nach der Zeremonie, dass Sie das Bed\u00fcrfnis haben, \u00fcber Ihre Erfahrungen zu sprechen?<\/p>\n<\/li>\n<\/ul>\n<p data-start=\"2280\" data-end=\"2288\">Sie k\u00f6nnen.<\/p>\n<p data-start=\"2290\" data-end=\"2458\"><strong data-start=\"2290\" data-end=\"2346\">Buchen Sie ein 1-st\u00fcndiges Aufnahme- und\/oder Integrationsgespr\u00e4ch unter<\/strong><br data-start=\"2346\" data-end=\"2349\"><strong data-start=\"2290\" data-end=\"2346\">.<\/strong> Nach Ihrer Buchung wird sich Ihr Berater pers\u00f6nlich mit Ihnen in Verbindung setzen, um einen geeigneten Termin zu vereinbaren.<\/p>\n<p data-start=\"2460\" data-end=\"2594\">G\u00f6nnen Sie sich nicht nur ein sch\u00f6nes Erlebnis, sondern auch die Anleitung, die daf\u00fcr sorgt, dass diese Erfahrung Ihr Leben tats\u00e4chlich bereichert.<\/p>\n","protected":false},"excerpt":{"rendered":"<p>Mehr Tiefe, mehr Sicherheit, mehr nachhaltige Ver\u00e4nderung Eine Tr\u00fcffelzeremonie ist kein einmaliger Moment.Es ist eine innere Reise und es ist die Vorbereitung und die Zeit danach, die bestimmen, wie viel Ihnen diese Reise wirklich bringt. Aus diesem Grund empfehlen wir den Teilnehmern immer, ein Aufnahme- oder Integrationsgespr\u00e4ch zu vereinbaren. Im Vorfeld: das Aufnahmegespr\u00e4ch W\u00e4hrend des [&hellip;]<\/p>\n","protected":false},"featured_media":70330,"template":"","meta":{"_joinchat":[]},"product_brand":[],"product_cat":[111],"product_tag":[],"class_list":{"0":"post-70331","1":"product","2":"type-product","3":"status-publish","4":"has-post-thumbnail","6":"product_cat-herunterladen","8":"first","9":"instock","10":"virtual","11":"taxable","12":"purchasable","13":"product-type-simple"},"_links":{"self":[{"href":"https:\/\/www.truffelceremonie.com\/de\/wp-json\/wp\/v2\/product\/70331","targetHints":{"allow":["GET"]}}],"collection":[{"href":"https:\/\/www.truffelceremonie.com\/de\/wp-json\/wp\/v2\/product"}],"about":[{"href":"https:\/\/www.truffelceremonie.com\/de\/wp-json\/wp\/v2\/types\/product"}],"wp:featuredmedia":[{"embeddable":true,"href":"https:\/\/www.truffelceremonie.com\/de\/wp-json\/wp\/v2\/media\/70330"}],"wp:attachment":[{"href":"https:\/\/www.truffelceremonie.com\/de\/wp-json\/wp\/v2\/media?parent=70331"}],"wp:term":[{"taxonomy":"product_brand","embeddable":true,"href":"https:\/\/www.truffelceremonie.com\/de\/wp-json\/wp\/v2\/product_brand?post=70331"},{"taxonomy":"product_cat","embeddable":true,"href":"https:\/\/www.truffelceremonie.com\/de\/wp-json\/wp\/v2\/product_cat?post=70331"},{"taxonomy":"product_tag","embeddable":true,"href":"https:\/\/www.truffelceremonie.com\/de\/wp-json\/wp\/v2\/product_tag?post=70331"}],"curies":[{"name":"wp","href":"https:\/\/api.w.org\/{rel}","templated":true}]}}